{"id":7236,"date":"2026-05-15T19:14:20","date_gmt":"2026-05-15T19:14:20","guid":{"rendered":"https:\/\/www.jasec.go.cr\/?page_id=7236"},"modified":"2026-05-15T19:37:40","modified_gmt":"2026-05-15T19:37:40","slug":"informes-de-desempeno-2","status":"publish","type":"page","link":"https:\/\/www.jasec.go.cr\/index.php\/informes-de-desempeno-2\/","title":{"rendered":"Informes de desempe\u00f1o"},"content":{"rendered":"<div class=\"fusion-fullwidth fullwidth-box fusion-builder-row-1 fusion-flex-container nonhundred-percent-fullwidth non-hundred-percent-height-scrolling\" style=\"background-color: rgba(255,255,255,0);background-position: center center;background-repeat: no-repeat;border-width: 0px 0px 0px 0px;border-color:#e5e5e5;border-style:solid;\" ><div class=\"fusion-builder-row fusion-row fusion-flex-align-items-flex-start\" style=\"max-width:1352px;margin-left: calc(-4% \/ 2 );margin-right: calc(-4% \/ 2 );\"><div class=\"fusion-layout-column fusion_builder_column fusion-builder-column-0 fusion_builder_column_1_1 1_1 fusion-flex-column\"><div class=\"fusion-column-wrapper fusion-flex-justify-content-flex-start fusion-content-layout-column\" style=\"background-position:left top;background-repeat:no-repeat;-webkit-background-size:cover;-moz-background-size:cover;-o-background-size:cover;background-size:cover;padding: 0px 0px 0px 0px;\"><div class=\"fusion-text fusion-text-1\"><p><a href=\"\/wp-content\/uploads\/2021\/04\/Informe-de-desempeno-2015.pdf\" target=\"_blank\" rel=\"noopener\">Informe de desempe\u00f1o 2015<\/a><\/p>\n<p><a href=\"\/wp-content\/uploads\/2021\/04\/Informe-de-desempeno-2016.pdf\" target=\"_blank\" rel=\"noopener\">Informe de desempe\u00f1o 2016<\/a><\/p>\n<p><a href=\"\/wp-content\/uploads\/2021\/04\/Informe-de-desempeno-2017.pdf\" target=\"_blank\" rel=\"noopener\">Informe de desempe\u00f1o 2017<\/a><\/p>\n<p><a href=\"\/wp-content\/uploads\/2021\/04\/Informe-de-desempeno-2018.pdf\" target=\"_blank\" rel=\"noopener\">Informe de desempe\u00f1o 2018<\/a><\/p>\n<p><a href=\"\/wp-content\/uploads\/2021\/04\/Informe-de-desempeno-2019.pdf\" target=\"_blank\" rel=\"noopener\">Informe de desempe\u00f1o 2019<\/a><\/p>\n<p><a href=\"\/wp-content\/uploads\/2021\/04\/Informe-de-desempeno-2020.pdf\" target=\"_blank\" rel=\"noopener\">Informe de desempe\u00f1o 2020<\/a><\/p>\n<p><a href=\"\/wp-content\/uploads\/2021\/04\/Informe-de-desempeno-2021.pdf\" target=\"_blank\" rel=\"noopener\">Informe de desempe\u00f1o 2021<\/a><\/p>\n<p><a href=\"\/wp-content\/uploads\/2021\/04\/Informe-de-desempeno-2022.pdf\" target=\"_blank\" rel=\"noopener\">Informe de desempe\u00f1o 2022<\/a><\/p>\n<p><a href=\"\/wp-content\/uploads\/2021\/04\/Informe-de-desempeno-2023.pdf\" target=\"_blank\" rel=\"noopener\">Informe de desempe\u00f1o 2023<\/a><\/p>\n<p><a href=\"\/wp-content\/uploads\/2021\/04\/Informe-de-desempeno-2024.pdf\" target=\"_blank\" rel=\"noopener\">Informe de desempe\u00f1o 2024<\/a><\/p>\n<\/div><\/div><\/div><style type=\"text\/css\">.fusion-body .fusion-builder-column-0{width:100% !important;margin-top : 0px;margin-bottom : 20px;}.fusion-builder-column-0 > .fusion-column-wrapper {padding-top : 0px !important;padding-right : 0px !important;margin-right : 1.92%;padding-bottom : 0px !important;padding-left : 0px !important;margin-left : 1.92%;}@media only screen and (max-width:1024px) {.fusion-body .fusion-builder-column-0{width:100% !important;order : 0;}.fusion-builder-column-0 > .fusion-column-wrapper {margin-right : 1.92%;margin-left : 1.92%;}}@media only screen and (max-width:640px) {.fusion-body .fusion-builder-column-0{width:100% !important;order : 0;}.fusion-builder-column-0 > .fusion-column-wrapper {margin-right : 1.92%;margin-left : 1.92%;}}<\/style><\/div><style type=\"text\/css\">.fusion-body .fusion-flex-container.fusion-builder-row-1{ padding-top : 0px;margin-top : 0px;padding-right : 0px;padding-bottom : 0px;margin-bottom : 0px;padding-left : 0px;}<\/style><\/div>\n","protected":false},"excerpt":{"rendered":"","protected":false},"author":1,"featured_media":0,"parent":0,"menu_order":0,"comment_status":"closed","ping_status":"closed","template":"","meta":{"footnotes":""},"class_list":["post-7236","page","type-page","status-publish","hentry"],"yoast_head":"<!-- This site is optimized with the Yoast SEO plugin v27.6 - https:\/\/yoast.com\/product\/yoast-seo-wordpress\/ -->\n<title>Informes de desempe\u00f1o - Jasec<\/title>\n<meta name=\"description\" content=\"Una empresa corporativa de servicios de inter\u00e9s p\u00fablico, l\u00edder, visionaria, con calidad internacional, que supera las expectativas de los clientes.\" \/>\n<meta name=\"robots\" content=\"index, follow, max-snippet:-1, max-image-preview:large, max-video-preview:-1\" \/>\n<link rel=\"canonical\" href=\"https:\/\/www.jasec.go.cr\/index.php\/informes-de-desempeno-2\/\" \/>\n<meta property=\"og:locale\" content=\"es_ES\" \/>\n<meta property=\"og:type\" content=\"article\" \/>\n<meta property=\"og:title\" content=\"Informes de desempe\u00f1o - Jasec\" \/>\n<meta property=\"og:description\" content=\"Una empresa corporativa de servicios de inter\u00e9s p\u00fablico, l\u00edder, visionaria, con calidad internacional, que supera las expectativas de los clientes.\" \/>\n<meta property=\"og:url\" content=\"https:\/\/www.jasec.go.cr\/index.php\/informes-de-desempeno-2\/\" \/>\n<meta property=\"og:site_name\" content=\"Jasec\" \/>\n<meta property=\"article:modified_time\" content=\"2026-05-15T19:37:40+00:00\" \/>\n<meta name=\"twitter:card\" content=\"summary_large_image\" \/>\n<meta name=\"twitter:label1\" content=\"Tiempo de lectura\" \/>\n\t<meta name=\"twitter:data1\" content=\"2 minutos\" \/>\n<script type=\"application\/ld+json\" class=\"yoast-schema-graph\">{\"@context\":\"https:\\\/\\\/schema.org\",\"@graph\":[{\"@type\":\"WebPage\",\"@id\":\"https:\\\/\\\/www.jasec.go.cr\\\/index.php\\\/informes-de-desempeno-2\\\/\",\"url\":\"https:\\\/\\\/www.jasec.go.cr\\\/index.php\\\/informes-de-desempeno-2\\\/\",\"name\":\"Informes de desempe\u00f1o - Jasec\",\"isPartOf\":{\"@id\":\"https:\\\/\\\/www.jasec.go.cr\\\/#website\"},\"datePublished\":\"2026-05-15T19:14:20+00:00\",\"dateModified\":\"2026-05-15T19:37:40+00:00\",\"description\":\"Una empresa corporativa de servicios de inter\u00e9s p\u00fablico, l\u00edder, visionaria, con calidad internacional, que supera las expectativas de los clientes.\",\"breadcrumb\":{\"@id\":\"https:\\\/\\\/www.jasec.go.cr\\\/index.php\\\/informes-de-desempeno-2\\\/#breadcrumb\"},\"inLanguage\":\"es\",\"potentialAction\":[{\"@type\":\"ReadAction\",\"target\":[\"https:\\\/\\\/www.jasec.go.cr\\\/index.php\\\/informes-de-desempeno-2\\\/\"]}]},{\"@type\":\"BreadcrumbList\",\"@id\":\"https:\\\/\\\/www.jasec.go.cr\\\/index.php\\\/informes-de-desempeno-2\\\/#breadcrumb\",\"itemListElement\":[{\"@type\":\"ListItem\",\"position\":1,\"name\":\"Portada\",\"item\":\"https:\\\/\\\/www.jasec.go.cr\\\/\"},{\"@type\":\"ListItem\",\"position\":2,\"name\":\"Informes de desempe\u00f1o\"}]},{\"@type\":\"WebSite\",\"@id\":\"https:\\\/\\\/www.jasec.go.cr\\\/#website\",\"url\":\"https:\\\/\\\/www.jasec.go.cr\\\/\",\"name\":\"Jasec\",\"description\":\"Junta Administrativa del Servicio El\u00e9ctrico Municipal de Cartago\",\"publisher\":{\"@id\":\"https:\\\/\\\/www.jasec.go.cr\\\/#organization\"},\"potentialAction\":[{\"@type\":\"SearchAction\",\"target\":{\"@type\":\"EntryPoint\",\"urlTemplate\":\"https:\\\/\\\/www.jasec.go.cr\\\/?s={search_term_string}\"},\"query-input\":{\"@type\":\"PropertyValueSpecification\",\"valueRequired\":true,\"valueName\":\"search_term_string\"}}],\"inLanguage\":\"es\"},{\"@type\":\"Organization\",\"@id\":\"https:\\\/\\\/www.jasec.go.cr\\\/#organization\",\"name\":\"Jasec\",\"url\":\"https:\\\/\\\/www.jasec.go.cr\\\/\",\"logo\":{\"@type\":\"ImageObject\",\"inLanguage\":\"es\",\"@id\":\"https:\\\/\\\/www.jasec.go.cr\\\/#\\\/schema\\\/logo\\\/image\\\/\",\"url\":\"https:\\\/\\\/www.jasec.go.cr\\\/wp-content\\\/uploads\\\/2018\\\/07\\\/logo.png\",\"contentUrl\":\"https:\\\/\\\/www.jasec.go.cr\\\/wp-content\\\/uploads\\\/2018\\\/07\\\/logo.png\",\"width\":185,\"height\":67,\"caption\":\"Jasec\"},\"image\":{\"@id\":\"https:\\\/\\\/www.jasec.go.cr\\\/#\\\/schema\\\/logo\\\/image\\\/\"}}]}<\/script>\n<!-- \/ Yoast SEO plugin. -->","yoast_head_json":{"title":"Informes de desempe\u00f1o - Jasec","description":"Una empresa corporativa de servicios de inter\u00e9s p\u00fablico, l\u00edder, visionaria, con calidad internacional, que supera las expectativas de los clientes.","robots":{"index":"index","follow":"follow","max-snippet":"max-snippet:-1","max-image-preview":"max-image-preview:large","max-video-preview":"max-video-preview:-1"},"canonical":"https:\/\/www.jasec.go.cr\/index.php\/informes-de-desempeno-2\/","og_locale":"es_ES","og_type":"article","og_title":"Informes de desempe\u00f1o - Jasec","og_description":"Una empresa corporativa de servicios de inter\u00e9s p\u00fablico, l\u00edder, visionaria, con calidad internacional, que supera las expectativas de los clientes.","og_url":"https:\/\/www.jasec.go.cr\/index.php\/informes-de-desempeno-2\/","og_site_name":"Jasec","article_modified_time":"2026-05-15T19:37:40+00:00","twitter_card":"summary_large_image","twitter_misc":{"Tiempo de lectura":"2 minutos"},"schema":{"@context":"https:\/\/schema.org","@graph":[{"@type":"WebPage","@id":"https:\/\/www.jasec.go.cr\/index.php\/informes-de-desempeno-2\/","url":"https:\/\/www.jasec.go.cr\/index.php\/informes-de-desempeno-2\/","name":"Informes de desempe\u00f1o - Jasec","isPartOf":{"@id":"https:\/\/www.jasec.go.cr\/#website"},"datePublished":"2026-05-15T19:14:20+00:00","dateModified":"2026-05-15T19:37:40+00:00","description":"Una empresa corporativa de servicios de inter\u00e9s p\u00fablico, l\u00edder, visionaria, con calidad internacional, que supera las expectativas de los clientes.","breadcrumb":{"@id":"https:\/\/www.jasec.go.cr\/index.php\/informes-de-desempeno-2\/#breadcrumb"},"inLanguage":"es","potentialAction":[{"@type":"ReadAction","target":["https:\/\/www.jasec.go.cr\/index.php\/informes-de-desempeno-2\/"]}]},{"@type":"BreadcrumbList","@id":"https:\/\/www.jasec.go.cr\/index.php\/informes-de-desempeno-2\/#breadcrumb","itemListElement":[{"@type":"ListItem","position":1,"name":"Portada","item":"https:\/\/www.jasec.go.cr\/"},{"@type":"ListItem","position":2,"name":"Informes de desempe\u00f1o"}]},{"@type":"WebSite","@id":"https:\/\/www.jasec.go.cr\/#website","url":"https:\/\/www.jasec.go.cr\/","name":"Jasec","description":"Junta Administrativa del Servicio El\u00e9ctrico Municipal de Cartago","publisher":{"@id":"https:\/\/www.jasec.go.cr\/#organization"},"potentialAction":[{"@type":"SearchAction","target":{"@type":"EntryPoint","urlTemplate":"https:\/\/www.jasec.go.cr\/?s={search_term_string}"},"query-input":{"@type":"PropertyValueSpecification","valueRequired":true,"valueName":"search_term_string"}}],"inLanguage":"es"},{"@type":"Organization","@id":"https:\/\/www.jasec.go.cr\/#organization","name":"Jasec","url":"https:\/\/www.jasec.go.cr\/","logo":{"@type":"ImageObject","inLanguage":"es","@id":"https:\/\/www.jasec.go.cr\/#\/schema\/logo\/image\/","url":"https:\/\/www.jasec.go.cr\/wp-content\/uploads\/2018\/07\/logo.png","contentUrl":"https:\/\/www.jasec.go.cr\/wp-content\/uploads\/2018\/07\/logo.png","width":185,"height":67,"caption":"Jasec"},"image":{"@id":"https:\/\/www.jasec.go.cr\/#\/schema\/logo\/image\/"}}]}},"_links":{"self":[{"href":"https:\/\/www.jasec.go.cr\/index.php\/wp-json\/wp\/v2\/pages\/7236","targetHints":{"allow":["GET"]}}],"collection":[{"href":"https:\/\/www.jasec.go.cr\/index.php\/wp-json\/wp\/v2\/pages"}],"about":[{"href":"https:\/\/www.jasec.go.cr\/index.php\/wp-json\/wp\/v2\/types\/page"}],"author":[{"embeddable":true,"href":"https:\/\/www.jasec.go.cr\/index.php\/wp-json\/wp\/v2\/users\/1"}],"replies":[{"embeddable":true,"href":"https:\/\/www.jasec.go.cr\/index.php\/wp-json\/wp\/v2\/comments?post=7236"}],"version-history":[{"count":4,"href":"https:\/\/www.jasec.go.cr\/index.php\/wp-json\/wp\/v2\/pages\/7236\/revisions"}],"predecessor-version":[{"id":7254,"href":"https:\/\/www.jasec.go.cr\/index.php\/wp-json\/wp\/v2\/pages\/7236\/revisions\/7254"}],"wp:attachment":[{"href":"https:\/\/www.jasec.go.cr\/index.php\/wp-json\/wp\/v2\/media?parent=7236"}],"curies":[{"name":"wp","href":"https:\/\/api.w.org\/{rel}","templated":true}]}}