{"id":7047,"date":"2026-01-16T20:49:49","date_gmt":"2026-01-16T20:49:49","guid":{"rendered":"https:\/\/www.jasec.go.cr\/index.php\/electricidad-2\/"},"modified":"2026-02-24T22:29:41","modified_gmt":"2026-02-24T22:29:41","slug":"planificar-y-desarrollar-la-red","status":"publish","type":"page","link":"https:\/\/www.jasec.go.cr\/index.php\/planificar-y-desarrollar-la-red\/","title":{"rendered":"Planificar y Desarrollar la Red"},"content":{"rendered":"<div class=\"fusion-fullwidth fullwidth-box fusion-builder-row-1 fusion-flex-container nonhundred-percent-fullwidth non-hundred-percent-height-scrolling\" style=\"background-color: rgba(255,255,255,0);background-position: center center;background-repeat: no-repeat;border-width: 0px 0px 0px 0px;border-color:#e5e5e5;border-style:solid;\" ><div class=\"fusion-builder-row fusion-row fusion-flex-align-items-flex-start\" style=\"max-width:1352px;margin-left: calc(-4% \/ 2 );margin-right: calc(-4% \/ 2 );\"><div class=\"fusion-layout-column fusion_builder_column fusion-builder-column-0 fusion_builder_column_1_1 1_1 fusion-flex-column\"><div class=\"fusion-column-wrapper fusion-flex-justify-content-flex-start fusion-content-layout-column\" style=\"background-position:left top;background-repeat:no-repeat;-webkit-background-size:cover;-moz-background-size:cover;-o-background-size:cover;background-size:cover;padding: 0px 0px 0px 0px;\"><nav class=\"fusion-menu-element-wrapper direction-column mode-dropdown expand-method-hover submenu-mode-dropdown mobile-mode-collapse-to-button mobile-size-full-absolute icons-position-left dropdown-carets-yes has-active-border-bottom-no has-active-border-left-no has-active-border-right-no mobile-trigger-fullwidth-off mobile-indent-on mobile-justify-left loading expand-right submenu-transition-opacity\" aria-label=\"Menu\" data-breakpoint=\"1024\" data-count=\"0\" data-transition-type=\"fade\" data-transition-time=\"300\"><button type=\"button\" class=\"avada-menu-mobile-menu-trigger no-text\" onClick=\"fusionNavClickExpandBtn(this);\" aria-expanded=\"false\"><span class=\"inner\"><span class=\"collapsed-nav-text\"><span class=\"screen-reader-text\">Toggle Navigation<\/span><\/span><span class=\"collapsed-nav-icon\"><span class=\"collapsed-nav-icon-open fa-bars fas\"><\/span><span class=\"collapsed-nav-icon-close fa-times fas\"><\/span><\/span><\/span><\/button><style>.fusion-body .fusion-menu-element-wrapper[data-count=\"0\"] .fusion-menu-element-list{flex-direction:column;}.fusion-body .fusion-menu-element-wrapper[data-count=\"0\"] [class*=\"fusion-icon-\"],.fusion-body .fusion-menu-element-wrapper[data-count=\"0\"] [class^=\"fusion-icon-\"]{font-family:inherit !important;}.fusion-body .fusion-menu-element-wrapper[data-count=\"0\"]:not(.collapse-enabled) .fusion-menu-element-list > li.menu-item:focus-within > a .fusion-megamenu-icon{color:#65bc7b;}.fusion-body .fusion-menu-element-wrapper[data-count=\"0\"]:not(.collapse-enabled) .fusion-menu-element-list > li.menu-item:hover > a .fusion-megamenu-icon,.fusion-body .fusion-menu-element-wrapper[data-count=\"0\"]:not(.collapse-enabled) .fusion-menu-element-list > li.menu-item.hover > a .fusion-megamenu-icon,.fusion-body .fusion-menu-element-wrapper[data-count=\"0\"]:not(.collapse-enabled) .fusion-menu-element-list > li.menu-item:focus > a .fusion-megamenu-icon,.fusion-body .fusion-menu-element-wrapper[data-count=\"0\"]:not(.collapse-enabled) .fusion-menu-element-list > li.menu-item:active > a .fusion-megamenu-icon,.fusion-body .fusion-menu-element-wrapper[data-count=\"0\"]:not(.collapse-enabled) .fusion-menu-element-list > li.menu-item.current-menu-item > a .fusion-megamenu-icon{color:#65bc7b;}.fusion-body .fusion-menu-element-wrapper[data-count=\"0\"]:not(.collapse-enabled) .fusion-menu-element-list > li.menu-item.current-menu-ancestor > a .fusion-megamenu-icon{color:#65bc7b;}.fusion-body .fusion-menu-element-wrapper[data-count=\"0\"]:not(.collapse-enabled) .fusion-menu-element-list > li.menu-item.current-menu-parent > a .fusion-megamenu-icon{color:#65bc7b;}.fusion-body .fusion-menu-element-wrapper[data-count=\"0\"]:not(.collapse-enabled) .fusion-menu-element-list > li.menu-item.expanded > a .fusion-megamenu-icon{color:#65bc7b;}.fusion-body .fusion-menu-element-wrapper[data-count=\"0\"] .custom-menu-search-dropdown:hover .fusion-main-menu-icon,.fusion-body .fusion-menu-element-wrapper[data-count=\"0\"] .custom-menu-search-overlay:hover .fusion-menu-icon-search.trigger-overlay,.fusion-body .fusion-menu-element-wrapper[data-count=\"0\"] .custom-menu-search-overlay:hover ~ .fusion-overlay-search{color:#65bc7b !important;}.fusion-body .fusion-menu-element-wrapper[data-count=\"0\"]:not(.collapse-enabled) .fusion-megamenu-title .fusion-megamenu-image > img,.fusion-body .fusion-menu-element-wrapper[data-count=\"0\"]:not(.collapse-enabled) .fusion-megamenu-title .fusion-megamenu-thumbnail > img{width:auto;height:auto;}<\/style><ul id=\"menu-planificar-y-desarrollar-la-red\" class=\"fusion-menu fusion-custom-menu fusion-menu-element-list\"><li  id=\"menu-item-6836\"  class=\"menu-item menu-item-type-post_type menu-item-object-page menu-item-6836\"  data-item-id=\"6836\"><span class=\"background-default transition-fade\"><\/span><span class=\"background-active transition-fade\"><\/span><a  href=\"https:\/\/www.jasec.go.cr\/index.php\/extension-de-linea-primaria\/\" class=\"fusion-background-highlight\"><span class=\"menu-text\">Extensi\u00f3n de l\u00ednea primaria<\/span><\/a><\/li><li  id=\"menu-item-6837\"  class=\"menu-item menu-item-type-post_type menu-item-object-page menu-item-6837\"  data-item-id=\"6837\"><span class=\"background-default transition-fade\"><\/span><span class=\"background-active transition-fade\"><\/span><a  href=\"https:\/\/www.jasec.go.cr\/index.php\/extension-de-linea-secundaria\/\" class=\"fusion-background-highlight\"><span class=\"menu-text\">Extensi\u00f3n de l\u00ednea secundaria<\/span><\/a><\/li><li  id=\"menu-item-6838\"  class=\"menu-item menu-item-type-post_type menu-item-object-page menu-item-6838\"  data-item-id=\"6838\"><span class=\"background-default transition-fade\"><\/span><span class=\"background-active transition-fade\"><\/span><a  href=\"https:\/\/www.jasec.go.cr\/index.php\/instalacion-de-medidor-temporal\/\" class=\"fusion-background-highlight\"><span class=\"menu-text\">Instalaci\u00f3n de medidor temporal<\/span><\/a><\/li><li  id=\"menu-item-6835\"  class=\"menu-item menu-item-type-post_type menu-item-object-page menu-item-6835\"  data-item-id=\"6835\"><span class=\"background-default transition-fade\"><\/span><span class=\"background-active transition-fade\"><\/span><a  href=\"https:\/\/www.jasec.go.cr\/index.php\/instalacion-de-transformador-particular\/\" class=\"fusion-background-highlight\"><span class=\"menu-text\">Instalaci\u00f3n de transformador particular<\/span><\/a><\/li><li  id=\"menu-item-6839\"  class=\"menu-item menu-item-type-post_type menu-item-object-page menu-item-6839\"  data-item-id=\"6839\"><span class=\"background-default transition-fade\"><\/span><span class=\"background-active transition-fade\"><\/span><a  href=\"https:\/\/www.jasec.go.cr\/index.php\/reubicacion-poste-retenida-en-propiedad-publica-o-privada\/\" class=\"fusion-background-highlight\"><span class=\"menu-text\">Reubicaci\u00f3n poste \/ retenida en propiedad p\u00fablica o\u00a0privada<\/span><\/a><\/li><li  id=\"menu-item-6840\"  class=\"menu-item menu-item-type-post_type menu-item-object-page menu-item-6840\"  data-item-id=\"6840\"><span class=\"background-default transition-fade\"><\/span><span class=\"background-active transition-fade\"><\/span><a  href=\"https:\/\/www.jasec.go.cr\/index.php\/visado-de-planos\/\" class=\"fusion-background-highlight\"><span class=\"menu-text\">Visado de planos o Disponibilidad el\u00e9ctrica<\/span><\/a><\/li><\/ul><\/nav><\/div><\/div><style type=\"text\/css\">.fusion-body .fusion-builder-column-0{width:100% !important;margin-top : 0px;margin-bottom : 20px;}.fusion-builder-column-0 > .fusion-column-wrapper {padding-top : 0px !important;padding-right : 0px !important;margin-right : 1.92%;padding-bottom : 0px !important;padding-left : 0px !important;margin-left : 1.92%;}@media only screen and (max-width:1024px) {.fusion-body .fusion-builder-column-0{width:100% !important;order : 0;}.fusion-builder-column-0 > .fusion-column-wrapper {margin-right : 1.92%;margin-left : 1.92%;}}@media only screen and (max-width:640px) {.fusion-body .fusion-builder-column-0{width:100% !important;order : 0;}.fusion-builder-column-0 > .fusion-column-wrapper {margin-right : 1.92%;margin-left : 1.92%;}}<\/style><\/div><style type=\"text\/css\">.fusion-body .fusion-flex-container.fusion-builder-row-1{ padding-top : 0px;margin-top : 0px;padding-right : 0px;padding-bottom : 0px;margin-bottom : 0px;padding-left : 0px;}<\/style><\/div>\n","protected":false},"excerpt":{"rendered":"","protected":false},"author":1,"featured_media":0,"parent":0,"menu_order":0,"comment_status":"closed","ping_status":"closed","template":"","meta":{"footnotes":""},"class_list":["post-7047","page","type-page","status-publish","hentry"],"yoast_head":"<!-- This site is optimized with the Yoast SEO plugin v27.3 - https:\/\/yoast.com\/product\/yoast-seo-wordpress\/ -->\n<title>Planificar y Desarrollar la Red - Jasec<\/title>\n<meta name=\"description\" content=\"Una empresa corporativa de servicios de inter\u00e9s p\u00fablico, l\u00edder, visionaria, con calidad internacional, que supera las expectativas de los clientes.\" \/>\n<meta name=\"robots\" content=\"index, follow, max-snippet:-1, max-image-preview:large, max-video-preview:-1\" \/>\n<link rel=\"canonical\" href=\"https:\/\/www.jasec.go.cr\/index.php\/planificar-y-desarrollar-la-red\/\" \/>\n<meta property=\"og:locale\" content=\"es_ES\" \/>\n<meta property=\"og:type\" content=\"article\" \/>\n<meta property=\"og:title\" content=\"Planificar y Desarrollar la Red - Jasec\" \/>\n<meta property=\"og:description\" content=\"Una empresa corporativa de servicios de inter\u00e9s p\u00fablico, l\u00edder, visionaria, con calidad internacional, que supera las expectativas de los clientes.\" \/>\n<meta property=\"og:url\" content=\"https:\/\/www.jasec.go.cr\/index.php\/planificar-y-desarrollar-la-red\/\" \/>\n<meta property=\"og:site_name\" content=\"Jasec\" \/>\n<meta property=\"article:modified_time\" content=\"2026-02-24T22:29:41+00:00\" \/>\n<meta name=\"twitter:card\" content=\"summary_large_image\" \/>\n<meta name=\"twitter:label1\" content=\"Tiempo de lectura\" \/>\n\t<meta name=\"twitter:data1\" content=\"2 minutos\" \/>\n<script type=\"application\/ld+json\" class=\"yoast-schema-graph\">{\"@context\":\"https:\\\/\\\/schema.org\",\"@graph\":[{\"@type\":\"WebPage\",\"@id\":\"https:\\\/\\\/www.jasec.go.cr\\\/index.php\\\/planificar-y-desarrollar-la-red\\\/\",\"url\":\"https:\\\/\\\/www.jasec.go.cr\\\/index.php\\\/planificar-y-desarrollar-la-red\\\/\",\"name\":\"Planificar y Desarrollar la Red - Jasec\",\"isPartOf\":{\"@id\":\"https:\\\/\\\/www.jasec.go.cr\\\/#website\"},\"datePublished\":\"2026-01-16T20:49:49+00:00\",\"dateModified\":\"2026-02-24T22:29:41+00:00\",\"description\":\"Una empresa corporativa de servicios de inter\u00e9s p\u00fablico, l\u00edder, visionaria, con calidad internacional, que supera las expectativas de los clientes.\",\"breadcrumb\":{\"@id\":\"https:\\\/\\\/www.jasec.go.cr\\\/index.php\\\/planificar-y-desarrollar-la-red\\\/#breadcrumb\"},\"inLanguage\":\"es\",\"potentialAction\":[{\"@type\":\"ReadAction\",\"target\":[\"https:\\\/\\\/www.jasec.go.cr\\\/index.php\\\/planificar-y-desarrollar-la-red\\\/\"]}]},{\"@type\":\"BreadcrumbList\",\"@id\":\"https:\\\/\\\/www.jasec.go.cr\\\/index.php\\\/planificar-y-desarrollar-la-red\\\/#breadcrumb\",\"itemListElement\":[{\"@type\":\"ListItem\",\"position\":1,\"name\":\"Portada\",\"item\":\"https:\\\/\\\/www.jasec.go.cr\\\/\"},{\"@type\":\"ListItem\",\"position\":2,\"name\":\"Planificar y Desarrollar la Red\"}]},{\"@type\":\"WebSite\",\"@id\":\"https:\\\/\\\/www.jasec.go.cr\\\/#website\",\"url\":\"https:\\\/\\\/www.jasec.go.cr\\\/\",\"name\":\"Jasec\",\"description\":\"Junta Administrativa del Servicio El\u00e9ctrico Municipal de Cartago\",\"publisher\":{\"@id\":\"https:\\\/\\\/www.jasec.go.cr\\\/#organization\"},\"potentialAction\":[{\"@type\":\"SearchAction\",\"target\":{\"@type\":\"EntryPoint\",\"urlTemplate\":\"https:\\\/\\\/www.jasec.go.cr\\\/?s={search_term_string}\"},\"query-input\":{\"@type\":\"PropertyValueSpecification\",\"valueRequired\":true,\"valueName\":\"search_term_string\"}}],\"inLanguage\":\"es\"},{\"@type\":\"Organization\",\"@id\":\"https:\\\/\\\/www.jasec.go.cr\\\/#organization\",\"name\":\"Jasec\",\"url\":\"https:\\\/\\\/www.jasec.go.cr\\\/\",\"logo\":{\"@type\":\"ImageObject\",\"inLanguage\":\"es\",\"@id\":\"https:\\\/\\\/www.jasec.go.cr\\\/#\\\/schema\\\/logo\\\/image\\\/\",\"url\":\"https:\\\/\\\/www.jasec.go.cr\\\/wp-content\\\/uploads\\\/2018\\\/07\\\/logo.png\",\"contentUrl\":\"https:\\\/\\\/www.jasec.go.cr\\\/wp-content\\\/uploads\\\/2018\\\/07\\\/logo.png\",\"width\":185,\"height\":67,\"caption\":\"Jasec\"},\"image\":{\"@id\":\"https:\\\/\\\/www.jasec.go.cr\\\/#\\\/schema\\\/logo\\\/image\\\/\"}}]}<\/script>\n<!-- \/ Yoast SEO plugin. -->","yoast_head_json":{"title":"Planificar y Desarrollar la Red - Jasec","description":"Una empresa corporativa de servicios de inter\u00e9s p\u00fablico, l\u00edder, visionaria, con calidad internacional, que supera las expectativas de los clientes.","robots":{"index":"index","follow":"follow","max-snippet":"max-snippet:-1","max-image-preview":"max-image-preview:large","max-video-preview":"max-video-preview:-1"},"canonical":"https:\/\/www.jasec.go.cr\/index.php\/planificar-y-desarrollar-la-red\/","og_locale":"es_ES","og_type":"article","og_title":"Planificar y Desarrollar la Red - Jasec","og_description":"Una empresa corporativa de servicios de inter\u00e9s p\u00fablico, l\u00edder, visionaria, con calidad internacional, que supera las expectativas de los clientes.","og_url":"https:\/\/www.jasec.go.cr\/index.php\/planificar-y-desarrollar-la-red\/","og_site_name":"Jasec","article_modified_time":"2026-02-24T22:29:41+00:00","twitter_card":"summary_large_image","twitter_misc":{"Tiempo de lectura":"2 minutos"},"schema":{"@context":"https:\/\/schema.org","@graph":[{"@type":"WebPage","@id":"https:\/\/www.jasec.go.cr\/index.php\/planificar-y-desarrollar-la-red\/","url":"https:\/\/www.jasec.go.cr\/index.php\/planificar-y-desarrollar-la-red\/","name":"Planificar y Desarrollar la Red - Jasec","isPartOf":{"@id":"https:\/\/www.jasec.go.cr\/#website"},"datePublished":"2026-01-16T20:49:49+00:00","dateModified":"2026-02-24T22:29:41+00:00","description":"Una empresa corporativa de servicios de inter\u00e9s p\u00fablico, l\u00edder, visionaria, con calidad internacional, que supera las expectativas de los clientes.","breadcrumb":{"@id":"https:\/\/www.jasec.go.cr\/index.php\/planificar-y-desarrollar-la-red\/#breadcrumb"},"inLanguage":"es","potentialAction":[{"@type":"ReadAction","target":["https:\/\/www.jasec.go.cr\/index.php\/planificar-y-desarrollar-la-red\/"]}]},{"@type":"BreadcrumbList","@id":"https:\/\/www.jasec.go.cr\/index.php\/planificar-y-desarrollar-la-red\/#breadcrumb","itemListElement":[{"@type":"ListItem","position":1,"name":"Portada","item":"https:\/\/www.jasec.go.cr\/"},{"@type":"ListItem","position":2,"name":"Planificar y Desarrollar la Red"}]},{"@type":"WebSite","@id":"https:\/\/www.jasec.go.cr\/#website","url":"https:\/\/www.jasec.go.cr\/","name":"Jasec","description":"Junta Administrativa del Servicio El\u00e9ctrico Municipal de Cartago","publisher":{"@id":"https:\/\/www.jasec.go.cr\/#organization"},"potentialAction":[{"@type":"SearchAction","target":{"@type":"EntryPoint","urlTemplate":"https:\/\/www.jasec.go.cr\/?s={search_term_string}"},"query-input":{"@type":"PropertyValueSpecification","valueRequired":true,"valueName":"search_term_string"}}],"inLanguage":"es"},{"@type":"Organization","@id":"https:\/\/www.jasec.go.cr\/#organization","name":"Jasec","url":"https:\/\/www.jasec.go.cr\/","logo":{"@type":"ImageObject","inLanguage":"es","@id":"https:\/\/www.jasec.go.cr\/#\/schema\/logo\/image\/","url":"https:\/\/www.jasec.go.cr\/wp-content\/uploads\/2018\/07\/logo.png","contentUrl":"https:\/\/www.jasec.go.cr\/wp-content\/uploads\/2018\/07\/logo.png","width":185,"height":67,"caption":"Jasec"},"image":{"@id":"https:\/\/www.jasec.go.cr\/#\/schema\/logo\/image\/"}}]}},"_links":{"self":[{"href":"https:\/\/www.jasec.go.cr\/index.php\/wp-json\/wp\/v2\/pages\/7047","targetHints":{"allow":["GET"]}}],"collection":[{"href":"https:\/\/www.jasec.go.cr\/index.php\/wp-json\/wp\/v2\/pages"}],"about":[{"href":"https:\/\/www.jasec.go.cr\/index.php\/wp-json\/wp\/v2\/types\/page"}],"author":[{"embeddable":true,"href":"https:\/\/www.jasec.go.cr\/index.php\/wp-json\/wp\/v2\/users\/1"}],"replies":[{"embeddable":true,"href":"https:\/\/www.jasec.go.cr\/index.php\/wp-json\/wp\/v2\/comments?post=7047"}],"version-history":[{"count":2,"href":"https:\/\/www.jasec.go.cr\/index.php\/wp-json\/wp\/v2\/pages\/7047\/revisions"}],"predecessor-version":[{"id":7064,"href":"https:\/\/www.jasec.go.cr\/index.php\/wp-json\/wp\/v2\/pages\/7047\/revisions\/7064"}],"wp:attachment":[{"href":"https:\/\/www.jasec.go.cr\/index.php\/wp-json\/wp\/v2\/media?parent=7047"}],"curies":[{"name":"wp","href":"https:\/\/api.w.org\/{rel}","templated":true}]}}