{"id":6756,"date":"2024-08-07T14:04:25","date_gmt":"2024-08-07T14:04:25","guid":{"rendered":"https:\/\/www.jasec.go.cr\/index.php\/actas-2025-2\/"},"modified":"2026-02-05T19:42:41","modified_gmt":"2026-02-05T19:42:41","slug":"actas-2025-oficializadas","status":"publish","type":"page","link":"https:\/\/www.jasec.go.cr\/index.php\/actas-2025-oficializadas\/","title":{"rendered":"Actas 2025"},"content":{"rendered":"<div class=\"fusion-fullwidth fullwidth-box fusion-builder-row-1 fusion-flex-container nonhundred-percent-fullwidth non-hundred-percent-height-scrolling\" style=\"background-color: rgba(255,255,255,0);background-position: center center;background-repeat: no-repeat;border-width: 0px 0px 0px 0px;border-color:#e5e5e5;border-style:solid;\" ><div class=\"fusion-builder-row fusion-row fusion-flex-align-items-flex-start\" style=\"max-width:1352px;margin-left: calc(-4% \/ 2 );margin-right: calc(-4% \/ 2 );\"><div class=\"fusion-layout-column fusion_builder_column fusion-builder-column-0 fusion_builder_column_1_2 1_2 fusion-flex-column\"><div class=\"fusion-column-wrapper fusion-flex-justify-content-flex-start fusion-content-layout-column\" style=\"background-position:left top;background-repeat:no-repeat;-webkit-background-size:cover;-moz-background-size:cover;-o-background-size:cover;background-size:cover;padding: 0px 0px 0px 0px;\">\n<table width=\"100%\">\n<tbody>\n<tr>\n<td align=\"left\"><a role=\"link\" href=\"https:\/\/www.jasec.go.cr\/wp-content\/uploads\/2021\/04\/2.-acta001-2025-PGGO.PR7_.FM2-unificada.pdf\" target=\"_blank\" rel=\"noopener\" data-wahfont=\"16\">Acta 001-2025<\/a><\/td>\n<\/tr>\n<tr>\n<td align=\"left\"><a role=\"link\" href=\"https:\/\/www.jasec.go.cr\/wp-content\/uploads\/2021\/04\/4.-acta002-2025-PGGO.PR7_.FM2_.pdf\" target=\"_blank\" rel=\"noopener\" data-wahfont=\"16\">Acta 002-2025<\/a><\/td>\n<\/tr>\n<tr>\n<td align=\"left\"><a role=\"link\" href=\"https:\/\/www.jasec.go.cr\/wp-content\/uploads\/2021\/04\/5.-acta003-2025-PGGO.PR7_.FM2_.pdf\" target=\"_blank\" rel=\"noopener\" data-wahfont=\"16\">Acta 003-2025<\/a><\/td>\n<\/tr>\n<tr>\n<td align=\"left\"><a role=\"link\" href=\"https:\/\/www.jasec.go.cr\/wp-content\/uploads\/2021\/04\/6.-acta004-2025-PGGO.PR7_.FM2_.pdf\" target=\"_blank\" rel=\"noopener\" data-wahfont=\"16\">Acta 004-2025<\/a><\/td>\n<\/tr>\n<tr>\n<td align=\"left\"><a role=\"link\" href=\"https:\/\/www.jasec.go.cr\/wp-content\/uploads\/2021\/04\/7.-acta005-2025-PGGO.PR7_.FM2_.pdf\" target=\"_blank\" rel=\"noopener\" data-wahfont=\"16\">Acta 005-2025<\/a><\/td>\n<\/tr>\n<tr>\n<td align=\"left\"><a role=\"link\" href=\"https:\/\/www.jasec.go.cr\/wp-content\/uploads\/2021\/04\/10.-acta006-2025-PGGO.PR7_.FM2-unificada.pdf\" target=\"_blank\" rel=\"noopener\" data-wahfont=\"16\">Acta 006-2025<\/a><\/td>\n<\/tr>\n<tr>\n<td align=\"left\"><a role=\"link\" href=\"https:\/\/www.jasec.go.cr\/wp-content\/uploads\/2021\/04\/2.-acta007-2025-PGGO.PR7_.FM2-unificada.pdf\" target=\"_blank\" rel=\"noopener\" data-wahfont=\"16\">Acta 007-2025<\/a><\/td>\n<\/tr>\n<tr>\n<td align=\"left\"><a role=\"link\" href=\"https:\/\/www.jasec.go.cr\/wp-content\/uploads\/2021\/04\/4.-acta008-2025-PGGO.PR7_.FM2_.pdf\" target=\"_blank\" rel=\"noopener\" data-wahfont=\"16\">Acta 008-2025<\/a><\/td>\n<\/tr>\n<tr>\n<td align=\"left\"><a role=\"link\" href=\"https:\/\/www.jasec.go.cr\/wp-content\/uploads\/2021\/04\/5.-acta009-2025-PGGO.PR7_.FM2_.pdf\" target=\"_blank\" rel=\"noopener\" data-wahfont=\"16\">Acta 009-2025<\/a><\/td>\n<\/tr>\n<tr>\n<td align=\"left\"><a role=\"link\" href=\"https:\/\/www.jasec.go.cr\/wp-content\/uploads\/2021\/04\/6.-acta010-2025-PGGO.PR7_.FM2_.pdf\" target=\"_blank\" rel=\"noopener\" data-wahfont=\"16\">Acta 010-2025<\/a><\/td>\n<\/tr>\n<tr>\n<td align=\"left\"><a role=\"link\" href=\"https:\/\/www.jasec.go.cr\/wp-content\/uploads\/2021\/04\/7.-acta011-2025-PGGO.PR7_.FM2_.pdf\" target=\"_blank\" rel=\"noopener\" data-wahfont=\"16\">Acta 011-2025<\/a><\/td>\n<\/tr>\n<tr>\n<td align=\"left\"><a role=\"link\" href=\"https:\/\/www.jasec.go.cr\/wp-content\/uploads\/2021\/04\/10.-acta012-2025-PGGO.PR7_.FM2-unificada-cierre.pdf\" target=\"_blank\" rel=\"noopener\" data-wahfont=\"16\">Acta 012-2025<\/a><\/td>\n<\/tr>\n<tr>\n<td align=\"left\"><a role=\"link\" href=\"https:\/\/www.jasec.go.cr\/wp-content\/uploads\/2021\/04\/2.-acta013-2025-PGGO.PR7_.FM2-unificada.pdf\" target=\"_blank\" rel=\"noopener\" data-wahfont=\"16\">Acta 013-2025<\/a><\/td>\n<\/tr>\n<tr>\n<td align=\"left\"><a role=\"link\" href=\"https:\/\/www.jasec.go.cr\/wp-content\/uploads\/2021\/04\/4.-acta014-2025-PGGO.PR7_.FM2_.pdf\" target=\"_blank\" rel=\"noopener\" data-wahfont=\"16\">Acta 014-2025<\/a><\/td>\n<\/tr>\n<tr>\n<td align=\"left\"><a role=\"link\" href=\"https:\/\/www.jasec.go.cr\/wp-content\/uploads\/2021\/04\/5.-acta015-2025-PGGO.PR7_.FM2_.pdf\" target=\"_blank\" rel=\"noopener\" data-wahfont=\"16\">Acta 015-2025<\/a><\/td>\n<\/tr>\n<tr>\n<td align=\"left\"><a role=\"link\" href=\"https:\/\/www.jasec.go.cr\/wp-content\/uploads\/2021\/04\/6.-acta016-2025-PGGO.PR7_.FM2_.pdf\" target=\"_blank\" rel=\"noopener\" data-wahfont=\"16\">Acta 016-2025<\/a><\/td>\n<\/tr>\n<tr>\n<td align=\"left\"><a role=\"link\" href=\"https:\/\/www.jasec.go.cr\/wp-content\/uploads\/2021\/04\/9.-acta017-2025-PGGO.PR7_.FM2-unificada.pdf\" target=\"_blank\" rel=\"noopener\" data-wahfont=\"16\">Acta 017-2025<\/a><\/td>\n<\/tr>\n<tr>\n<td align=\"left\"><a role=\"link\" href=\"https:\/\/www.jasec.go.cr\/wp-content\/uploads\/2021\/04\/2.-acta018-2025-PGGO.PR7_.FM2-unificada.pdf\" target=\"_blank\" rel=\"noopener\" data-wahfont=\"16\">Acta 018-2025<\/a><\/td>\n<\/tr>\n<tr>\n<td align=\"left\"><a role=\"link\" href=\"https:\/\/www.jasec.go.cr\/wp-content\/uploads\/2021\/04\/4.-acta019-2025-PGGO.PR7_.FM2_.pdf\" target=\"_blank\" rel=\"noopener\" data-wahfont=\"16\">Acta 019-2025<\/a><\/td>\n<\/tr>\n<tr>\n<td align=\"left\"><a role=\"link\" href=\"https:\/\/www.jasec.go.cr\/wp-content\/uploads\/2021\/04\/5.-acta020-2025-PGGO.PR7_.FM2_.pdf\" target=\"_blank\" rel=\"noopener\" data-wahfont=\"16\">Acta 020-2025<\/a><\/td>\n<\/tr>\n<tr>\n<td align=\"left\"><a role=\"link\" href=\"https:\/\/www.jasec.go.cr\/wp-content\/uploads\/2021\/04\/6.-acta021-2025-PGGO.PR7_.FM2_.pdf\" target=\"_blank\" rel=\"noopener\" data-wahfont=\"16\">Acta 021-2025<\/a><\/td>\n<\/tr>\n<tr>\n<td align=\"left\"><a role=\"link\" href=\"https:\/\/www.jasec.go.cr\/wp-content\/uploads\/2021\/04\/7.-acta022-2025-PGGO.PR7_.FM2_.pdf\" target=\"_blank\" rel=\"noopener\" data-wahfont=\"16\">Acta 022-2025<\/a><\/td>\n<\/tr>\n<tr>\n<td align=\"left\"><a role=\"link\" href=\"https:\/\/www.jasec.go.cr\/wp-content\/uploads\/2021\/04\/10.-acta023-2025-PGGO.PR7_.FM2-unificada.pdf\" target=\"_blank\" rel=\"noopener\" data-wahfont=\"16\">Acta 023-2025<\/a><\/td>\n<\/tr>\n<tr>\n<td align=\"left\"><a role=\"link\" href=\"https:\/\/www.jasec.go.cr\/wp-content\/uploads\/2021\/04\/2.-acta024-2025-PGGO.PR7_.FM2-unificada.pdf\" target=\"_blank\" rel=\"noopener\" data-wahfont=\"16\">Acta 024-2025<\/a><\/td>\n<\/tr>\n<tr>\n<td align=\"left\"><a role=\"link\" href=\"https:\/\/www.jasec.go.cr\/wp-content\/uploads\/2021\/04\/4.-acta025-2025-PGGO.PR7_.FM2_.pdf\" target=\"_blank\" rel=\"noopener\" data-wahfont=\"16\">Acta 025-2025<\/a><\/td>\n<\/tr>\n<tr>\n<td align=\"left\"><a role=\"link\" href=\"https:\/\/www.jasec.go.cr\/wp-content\/uploads\/2021\/04\/5.-acta026-2025-PGGO.PR7_.FM2_.pdf\" target=\"_blank\" rel=\"noopener\" data-wahfont=\"16\">Acta 026-2025<\/a><\/td>\n<\/tr>\n<tr>\n<td align=\"left\"><a role=\"link\" href=\"https:\/\/www.jasec.go.cr\/wp-content\/uploads\/2021\/04\/6.-acta027-2025-PGGO.PR7_.FM2_.pdf\" target=\"_blank\" rel=\"noopener\" data-wahfont=\"16\">Acta 027-2025<\/a><\/td>\n<\/tr>\n<tr>\n<td align=\"left\"><a role=\"link\" href=\"https:\/\/www.jasec.go.cr\/wp-content\/uploads\/2021\/04\/7.-acta028-2025-PGGO.PR7_.FM2_.pdf\" target=\"_blank\" rel=\"noopener\" data-wahfont=\"16\">Acta 028-2025<\/a><\/td>\n<\/tr>\n<tr>\n<td align=\"left\"><a role=\"link\" href=\"https:\/\/www.jasec.go.cr\/wp-content\/uploads\/2021\/04\/8.-acta029-2025-PGGO.PR7_.FM2_.pdf\" target=\"_blank\" rel=\"noopener\" data-wahfont=\"16\">Acta 029-2025<\/a><\/td>\n<\/tr>\n<tr>\n<td align=\"left\"><a role=\"link\" href=\"https:\/\/www.jasec.go.cr\/wp-content\/uploads\/2021\/04\/11.-acta030-2025-PGGO.PR7_.FM2-unificada.pdf\" target=\"_blank\" rel=\"noopener\" data-wahfont=\"16\">Acta 030-2025<\/a><\/td>\n<\/tr>\n<tr>\n<td align=\"left\"><a role=\"link\" href=\"https:\/\/www.jasec.go.cr\/wp-content\/uploads\/2021\/04\/2.-acta031-2025-PGGO.PR7_.FM2-unificada.pdf\" target=\"_blank\" rel=\"noopener\" data-wahfont=\"16\">Acta 031-2025<\/a><\/td>\n<\/tr>\n<tr>\n<td align=\"left\"><a role=\"link\" href=\"https:\/\/www.jasec.go.cr\/wp-content\/uploads\/2021\/04\/4.-acta032-2025-PGGO.PR7_.FM2_.pdf\" target=\"_blank\" rel=\"noopener\" data-wahfont=\"16\">Acta 032-2025<\/a><\/td>\n<\/tr>\n<tr>\n<td align=\"left\"><a role=\"link\" href=\"https:\/\/www.jasec.go.cr\/wp-content\/uploads\/2021\/04\/5.-acta033-2025-PGGO.PR7_.FM2_.pdf\" target=\"_blank\" rel=\"noopener\" data-wahfont=\"16\">Acta 033-2025<\/a><\/td>\n<\/tr>\n<tr>\n<td align=\"left\"><a role=\"link\" href=\"https:\/\/www.jasec.go.cr\/wp-content\/uploads\/2021\/04\/6.-acta034-2025-PGGO.PR7_.FM2_.pdf\" target=\"_blank\" rel=\"noopener\" data-wahfont=\"16\">Acta 034-2025<\/a><\/td>\n<\/tr>\n<tr>\n<td align=\"left\"><a role=\"link\" href=\"https:\/\/www.jasec.go.cr\/wp-content\/uploads\/2021\/04\/9.-acta035-2025-PGGO.PR7_.FM2-unificada.pdf\" target=\"_blank\" rel=\"noopener\" data-wahfont=\"16\">Acta 035-2025<\/a><\/td>\n<\/tr>\n<tr>\n<td align=\"left\"><a role=\"link\" href=\"https:\/\/www.jasec.go.cr\/wp-content\/uploads\/2021\/04\/2.-acta036-2025-PGGO.PR7_.FM2-unificada.pdf\" target=\"_blank\" rel=\"noopener\" data-wahfont=\"16\">Acta 036-2025<\/a><\/td>\n<\/tr>\n<tr>\n<td align=\"left\"><a role=\"link\" href=\"https:\/\/www.jasec.go.cr\/wp-content\/uploads\/2021\/04\/4.-acta037-2025-PGGO.PR7_.FM2_.pdf\" target=\"_blank\" rel=\"noopener\" data-wahfont=\"16\">Acta 037-2025<\/a><\/td>\n<\/tr>\n<tr>\n<td align=\"left\"><a role=\"link\" href=\"https:\/\/www.jasec.go.cr\/wp-content\/uploads\/2021\/04\/5.-acta038-2025-PGGO.PR7_.FM2_.pdf\" target=\"_blank\" rel=\"noopener\" data-wahfont=\"16\">Acta 038-2025<\/a><\/td>\n<\/tr>\n<tr>\n<td align=\"left\"><a role=\"link\" href=\"https:\/\/www.jasec.go.cr\/wp-content\/uploads\/2021\/04\/6.-acta039-2025-PGGO.PR7_.FM2_.pdf\" target=\"_blank\" rel=\"noopener\" data-wahfont=\"16\">Acta 039-2025<\/a><\/td>\n<\/tr>\n<tr>\n<td align=\"left\"><a role=\"link\" href=\"https:\/\/www.jasec.go.cr\/wp-content\/uploads\/2021\/04\/7.-acta040-2025-PGGO.PR7_.FM2_.pdf\" target=\"_blank\" rel=\"noopener\" data-wahfont=\"16\">Acta 040-2025<\/a><\/td>\n<\/tr>\n<tr>\n<td align=\"left\"><a role=\"link\" href=\"https:\/\/www.jasec.go.cr\/wp-content\/uploads\/2021\/04\/10.-acta041-2025-PGGO.PR7_.FM2-unificada.pdf\" target=\"_blank\" rel=\"noopener\" data-wahfont=\"16\">Acta 041-2025<\/a><\/td>\n<\/tr>\n<tr>\n<td align=\"left\"><a role=\"link\" href=\"https:\/\/www.jasec.go.cr\/wp-content\/uploads\/2021\/04\/2.-acta042-2025-PGGO.PR7_.FM2-unificada.pdf\" target=\"_blank\" rel=\"noopener\" data-wahfont=\"16\">Acta 042-2025<\/a><\/td>\n<\/tr>\n<tr>\n<td align=\"left\"><a role=\"link\" href=\"https:\/\/www.jasec.go.cr\/wp-content\/uploads\/2021\/04\/4.-acta043-2025-PGGO.PR7_.FM2_.pdf\" target=\"_blank\" rel=\"noopener\" data-wahfont=\"16\">Acta 043-2025<\/a><\/td>\n<\/tr>\n<tr>\n<td align=\"left\"><a role=\"link\" href=\"https:\/\/www.jasec.go.cr\/wp-content\/uploads\/2021\/04\/5.-acta044-2025-PGGO.PR7_.FM2_.pdf\" target=\"_blank\" rel=\"noopener\" data-wahfont=\"16\">Acta 044-2025<\/a><\/td>\n<\/tr>\n<tr>\n<td align=\"left\"><a role=\"link\" href=\"https:\/\/www.jasec.go.cr\/wp-content\/uploads\/2021\/04\/6.-acta045-2025-PGGO.PR7_.FM2_.pdf\" target=\"_blank\" rel=\"noopener\" data-wahfont=\"16\">Acta 045-2025<\/a><\/td>\n<\/tr>\n<tr>\n<td align=\"left\"><a role=\"link\" href=\"https:\/\/www.jasec.go.cr\/wp-content\/uploads\/2021\/04\/9.-acta046-2025-PGGO.PR7_.FM2-unificada.pdf\" target=\"_blank\" rel=\"noopener\" data-wahfont=\"16\">Acta 046-2025<\/a><\/td>\n<\/tr>\n<tr>\n<td align=\"left\"><a role=\"link\" href=\"https:\/\/www.jasec.go.cr\/wp-content\/uploads\/2021\/04\/2.-acta047-2025-PGGO.PR7_.FM2-unificada.pdf\" target=\"_blank\" rel=\"noopener\" data-wahfont=\"16\">Acta 047-2025<\/a><\/td>\n<\/tr>\n<tr>\n<td align=\"left\"><a role=\"link\" href=\"https:\/\/www.jasec.go.cr\/wp-content\/uploads\/2021\/04\/4.-acta048-2025-PGGO.PR7_.FM2_.pdf\" target=\"_blank\" rel=\"noopener\" data-wahfont=\"16\">Acta 048-2025<\/a><\/td>\n<\/tr>\n<tr>\n<td align=\"left\"><a role=\"link\" href=\"https:\/\/www.jasec.go.cr\/wp-content\/uploads\/2021\/04\/5.-acta049-2025-PGGO.PR7_.FM2_.pdf\" target=\"_blank\" rel=\"noopener\" data-wahfont=\"16\">Acta 049-2025<\/a><\/td>\n<\/tr>\n<tr>\n<td align=\"left\"><a role=\"link\" href=\"https:\/\/www.jasec.go.cr\/wp-content\/uploads\/2021\/04\/6.-acta050-2025-PGGO.PR7_.FM2_.pdf\" target=\"_blank\" rel=\"noopener\" data-wahfont=\"16\">Acta 050-2025<\/a><\/td>\n<\/tr>\n<tr>\n<td align=\"left\"><a role=\"link\" href=\"https:\/\/www.jasec.go.cr\/wp-content\/uploads\/2021\/04\/9.-acta051-2025-PGGO.PR7_.FM2-unificada.pdf\" target=\"_blank\" rel=\"noopener\" data-wahfont=\"16\">Acta 051-2025<\/a><\/td>\n<\/tr>\n<tr>\n<td align=\"left\"><a role=\"link\" href=\"https:\/\/www.jasec.go.cr\/wp-content\/uploads\/2021\/04\/2.-acta052-2025-PGGO.PR7_.FM2-unificada.pdf\" target=\"_blank\" rel=\"noopener\" data-wahfont=\"16\">Acta 052-2025<\/a><\/td>\n<\/tr>\n<tr>\n<td align=\"left\"><a role=\"link\" href=\"https:\/\/www.jasec.go.cr\/wp-content\/uploads\/2021\/04\/4.-acta053-2025-PGGO.PR7_.FM2_.pdf\" target=\"_blank\" rel=\"noopener\" data-wahfont=\"16\">Acta 053-2025<\/a><\/td>\n<\/tr>\n<tr>\n<td align=\"left\"><a role=\"link\" href=\"https:\/\/www.jasec.go.cr\/wp-content\/uploads\/2021\/04\/5.-acta054-2025-PGGO.PR7_.FM2_.pdf\" target=\"_blank\" rel=\"noopener\" data-wahfont=\"16\">Acta 054-2025<\/a><\/td>\n<\/tr>\n<tr>\n<td align=\"left\"><a role=\"link\" href=\"https:\/\/www.jasec.go.cr\/wp-content\/uploads\/2021\/04\/6.-acta055-2025-PGGO.PR7_.FM2_.pdf\" target=\"_blank\" rel=\"noopener\" data-wahfont=\"16\">Acta 055-2025<\/a><\/td>\n<\/tr>\n<tr>\n<td align=\"left\"><a role=\"link\" href=\"https:\/\/www.jasec.go.cr\/wp-content\/uploads\/2021\/04\/7.-acta056-2025-PGGO.PR7_.FM2_.pdf\" target=\"_blank\" rel=\"noopener\" data-wahfont=\"16\">Acta 056-2025<\/a><\/td>\n<\/tr>\n<tr>\n<td align=\"left\"><a role=\"link\" href=\"https:\/\/www.jasec.go.cr\/wp-content\/uploads\/2021\/04\/10.-acta057-2025-PGGO.PR7_.FM2-unificada.pdf\" target=\"_blank\" rel=\"noopener\" data-wahfont=\"16\">Acta 057-2025<\/a><\/td>\n<\/tr>\n<tr>\n<td align=\"left\"><a role=\"link\" href=\"https:\/\/www.jasec.go.cr\/wp-content\/uploads\/2021\/04\/2.-acta058-2025-PGGO.PR7_.FM2-unificada.pdf\" target=\"_blank\" rel=\"noopener\" data-wahfont=\"16\">Acta 058-2025<\/a><\/td>\n<\/tr>\n<tr>\n<td align=\"left\"><a role=\"link\" href=\"https:\/\/www.jasec.go.cr\/wp-content\/uploads\/2021\/04\/4.-acta059-2025-PGGO.PR7_.FM2_.pdf\" target=\"_blank\" rel=\"noopener\" data-wahfont=\"16\">Acta 059-2025<\/a><\/td>\n<\/tr>\n<tr>\n<td align=\"left\"><a role=\"link\" href=\"https:\/\/www.jasec.go.cr\/wp-content\/uploads\/2021\/04\/5.-acta060-2025-PGGO.PR7_.FM2_.pdf\" target=\"_blank\" rel=\"noopener\" data-wahfont=\"16\">Acta 060-2025<\/a><\/td>\n<\/tr>\n<tr>\n<td align=\"left\"><a role=\"link\" href=\"https:\/\/www.jasec.go.cr\/wp-content\/uploads\/2021\/04\/6.-acta061-2025-PGGO.PR7_.FM2_.pdf\" target=\"_blank\" rel=\"noopener\" data-wahfont=\"16\">Acta 061-2025<\/a><\/td>\n<\/tr>\n<tr>\n<td align=\"left\"><a role=\"link\" href=\"https:\/\/www.jasec.go.cr\/wp-content\/uploads\/2021\/04\/7.-acta062-2025-PGGO.PR7_.FM2_.pdf\" target=\"_blank\" rel=\"noopener\" data-wahfont=\"16\">Acta 062-2025<\/a><\/td>\n<\/tr>\n<tr>\n<td align=\"left\"><a role=\"link\" href=\"https:\/\/www.jasec.go.cr\/wp-content\/uploads\/2021\/04\/10.-acta063-2025-PGGO.PR7_.FM2-unificada.pdf\" target=\"_blank\" rel=\"noopener\" data-wahfont=\"16\">Acta 063-2025<\/a><\/td>\n<\/tr>\n<tr>\n<td align=\"left\"><a role=\"link\" href=\"https:\/\/www.jasec.go.cr\/wp-content\/uploads\/2021\/04\/2.-acta064-2025-PGGO.PR7_.FM2-unificada.pdf\" target=\"_blank\" rel=\"noopener\" data-wahfont=\"16\">Acta 064-2025<\/a><\/td>\n<\/tr>\n<tr>\n<td align=\"left\"><a role=\"link\" href=\"https:\/\/www.jasec.go.cr\/wp-content\/uploads\/2021\/04\/4.-acta065-2025-PGGO.PR7_.FM2_.pdf\" target=\"_blank\" rel=\"noopener\" data-wahfont=\"16\">Acta 065-2025<\/a><\/td>\n<\/tr>\n<tr>\n<td align=\"left\"><a role=\"link\" href=\"https:\/\/www.jasec.go.cr\/wp-content\/uploads\/2021\/04\/5.-acta066-2025-PGGO.PR7_.FM2_.pdf\" target=\"_blank\" rel=\"noopener\" data-wahfont=\"16\">Acta 066-2025<\/a><\/td>\n<\/tr>\n<tr>\n<td align=\"left\"><a role=\"link\" href=\"https:\/\/www.jasec.go.cr\/wp-content\/uploads\/2021\/04\/6.-acta067-2025-PGGO.PR7_.FM2_.pdf\" target=\"_blank\" rel=\"noopener\" data-wahfont=\"16\">Acta 067-2025<\/a><\/td>\n<\/tr>\n<tr>\n<td align=\"left\"><a role=\"link\" href=\"https:\/\/www.jasec.go.cr\/wp-content\/uploads\/2021\/04\/9.-acta068-2025-PGGO.PR7_.FM2-unificada.pdf\" target=\"_blank\" rel=\"noopener\" data-wahfont=\"16\">Acta 068-2025<\/a><\/td>\n<\/tr>\n<\/tbody>\n<\/table>\n<\/div><\/div><style type=\"text\/css\">.fusion-body .fusion-builder-column-0{width:50% !important;margin-top : 0px;margin-bottom : 20px;}.fusion-builder-column-0 > .fusion-column-wrapper {padding-top : 0px !important;padding-right : 0px !important;margin-right : 3.84%;padding-bottom : 0px !important;padding-left : 0px !important;margin-left : 3.84%;}@media only screen and (max-width:1024px) {.fusion-body .fusion-builder-column-0{width:100% !important;order : 0;}.fusion-builder-column-0 > .fusion-column-wrapper {margin-right : 1.92%;margin-left : 1.92%;}}@media only screen and (max-width:640px) {.fusion-body .fusion-builder-column-0{width:100% !important;order : 0;}.fusion-builder-column-0 > .fusion-column-wrapper {margin-right : 1.92%;margin-left : 1.92%;}}<\/style><\/div><style type=\"text\/css\">.fusion-body .fusion-flex-container.fusion-builder-row-1{ padding-top : 0px;margin-top : 0px;padding-right : 0px;padding-bottom : 0px;margin-bottom : 0px;padding-left : 0px;}<\/style><\/div>\n","protected":false},"excerpt":{"rendered":"","protected":false},"author":1,"featured_media":0,"parent":0,"menu_order":0,"comment_status":"closed","ping_status":"closed","template":"","meta":{"footnotes":""},"class_list":["post-6756","page","type-page","status-publish","hentry"],"yoast_head":"<!-- This site is optimized with the Yoast SEO plugin v27.5 - https:\/\/yoast.com\/product\/yoast-seo-wordpress\/ -->\n<title>Actas 2025 - Jasec<\/title>\n<meta name=\"description\" content=\"Una empresa corporativa de servicios de inter\u00e9s p\u00fablico, l\u00edder, visionaria, con calidad internacional, que supera las expectativas de los clientes.\" \/>\n<meta name=\"robots\" content=\"index, follow, max-snippet:-1, max-image-preview:large, max-video-preview:-1\" \/>\n<link rel=\"canonical\" href=\"https:\/\/www.jasec.go.cr\/index.php\/actas-2025-oficializadas\/\" \/>\n<meta property=\"og:locale\" content=\"es_ES\" \/>\n<meta property=\"og:type\" content=\"article\" \/>\n<meta property=\"og:title\" content=\"Actas 2025 - Jasec\" \/>\n<meta property=\"og:description\" content=\"Una empresa corporativa de servicios de inter\u00e9s p\u00fablico, l\u00edder, visionaria, con calidad internacional, que supera las expectativas de los clientes.\" \/>\n<meta property=\"og:url\" content=\"https:\/\/www.jasec.go.cr\/index.php\/actas-2025-oficializadas\/\" \/>\n<meta property=\"og:site_name\" content=\"Jasec\" \/>\n<meta property=\"article:modified_time\" content=\"2026-02-05T19:42:41+00:00\" \/>\n<meta name=\"twitter:card\" content=\"summary_large_image\" \/>\n<meta name=\"twitter:label1\" content=\"Tiempo de lectura\" \/>\n\t<meta name=\"twitter:data1\" content=\"2 minutos\" \/>\n<script type=\"application\/ld+json\" class=\"yoast-schema-graph\">{\"@context\":\"https:\\\/\\\/schema.org\",\"@graph\":[{\"@type\":\"WebPage\",\"@id\":\"https:\\\/\\\/www.jasec.go.cr\\\/index.php\\\/actas-2025-oficializadas\\\/\",\"url\":\"https:\\\/\\\/www.jasec.go.cr\\\/index.php\\\/actas-2025-oficializadas\\\/\",\"name\":\"Actas 2025 - Jasec\",\"isPartOf\":{\"@id\":\"https:\\\/\\\/www.jasec.go.cr\\\/#website\"},\"datePublished\":\"2024-08-07T14:04:25+00:00\",\"dateModified\":\"2026-02-05T19:42:41+00:00\",\"description\":\"Una empresa corporativa de servicios de inter\u00e9s p\u00fablico, l\u00edder, visionaria, con calidad internacional, que supera las expectativas de los clientes.\",\"breadcrumb\":{\"@id\":\"https:\\\/\\\/www.jasec.go.cr\\\/index.php\\\/actas-2025-oficializadas\\\/#breadcrumb\"},\"inLanguage\":\"es\",\"potentialAction\":[{\"@type\":\"ReadAction\",\"target\":[\"https:\\\/\\\/www.jasec.go.cr\\\/index.php\\\/actas-2025-oficializadas\\\/\"]}]},{\"@type\":\"BreadcrumbList\",\"@id\":\"https:\\\/\\\/www.jasec.go.cr\\\/index.php\\\/actas-2025-oficializadas\\\/#breadcrumb\",\"itemListElement\":[{\"@type\":\"ListItem\",\"position\":1,\"name\":\"Portada\",\"item\":\"https:\\\/\\\/www.jasec.go.cr\\\/\"},{\"@type\":\"ListItem\",\"position\":2,\"name\":\"Actas 2025\"}]},{\"@type\":\"WebSite\",\"@id\":\"https:\\\/\\\/www.jasec.go.cr\\\/#website\",\"url\":\"https:\\\/\\\/www.jasec.go.cr\\\/\",\"name\":\"Jasec\",\"description\":\"Junta Administrativa del Servicio El\u00e9ctrico Municipal de Cartago\",\"publisher\":{\"@id\":\"https:\\\/\\\/www.jasec.go.cr\\\/#organization\"},\"potentialAction\":[{\"@type\":\"SearchAction\",\"target\":{\"@type\":\"EntryPoint\",\"urlTemplate\":\"https:\\\/\\\/www.jasec.go.cr\\\/?s={search_term_string}\"},\"query-input\":{\"@type\":\"PropertyValueSpecification\",\"valueRequired\":true,\"valueName\":\"search_term_string\"}}],\"inLanguage\":\"es\"},{\"@type\":\"Organization\",\"@id\":\"https:\\\/\\\/www.jasec.go.cr\\\/#organization\",\"name\":\"Jasec\",\"url\":\"https:\\\/\\\/www.jasec.go.cr\\\/\",\"logo\":{\"@type\":\"ImageObject\",\"inLanguage\":\"es\",\"@id\":\"https:\\\/\\\/www.jasec.go.cr\\\/#\\\/schema\\\/logo\\\/image\\\/\",\"url\":\"https:\\\/\\\/www.jasec.go.cr\\\/wp-content\\\/uploads\\\/2018\\\/07\\\/logo.png\",\"contentUrl\":\"https:\\\/\\\/www.jasec.go.cr\\\/wp-content\\\/uploads\\\/2018\\\/07\\\/logo.png\",\"width\":185,\"height\":67,\"caption\":\"Jasec\"},\"image\":{\"@id\":\"https:\\\/\\\/www.jasec.go.cr\\\/#\\\/schema\\\/logo\\\/image\\\/\"}}]}<\/script>\n<!-- \/ Yoast SEO plugin. -->","yoast_head_json":{"title":"Actas 2025 - Jasec","description":"Una empresa corporativa de servicios de inter\u00e9s p\u00fablico, l\u00edder, visionaria, con calidad internacional, que supera las expectativas de los clientes.","robots":{"index":"index","follow":"follow","max-snippet":"max-snippet:-1","max-image-preview":"max-image-preview:large","max-video-preview":"max-video-preview:-1"},"canonical":"https:\/\/www.jasec.go.cr\/index.php\/actas-2025-oficializadas\/","og_locale":"es_ES","og_type":"article","og_title":"Actas 2025 - Jasec","og_description":"Una empresa corporativa de servicios de inter\u00e9s p\u00fablico, l\u00edder, visionaria, con calidad internacional, que supera las expectativas de los clientes.","og_url":"https:\/\/www.jasec.go.cr\/index.php\/actas-2025-oficializadas\/","og_site_name":"Jasec","article_modified_time":"2026-02-05T19:42:41+00:00","twitter_card":"summary_large_image","twitter_misc":{"Tiempo de lectura":"2 minutos"},"schema":{"@context":"https:\/\/schema.org","@graph":[{"@type":"WebPage","@id":"https:\/\/www.jasec.go.cr\/index.php\/actas-2025-oficializadas\/","url":"https:\/\/www.jasec.go.cr\/index.php\/actas-2025-oficializadas\/","name":"Actas 2025 - Jasec","isPartOf":{"@id":"https:\/\/www.jasec.go.cr\/#website"},"datePublished":"2024-08-07T14:04:25+00:00","dateModified":"2026-02-05T19:42:41+00:00","description":"Una empresa corporativa de servicios de inter\u00e9s p\u00fablico, l\u00edder, visionaria, con calidad internacional, que supera las expectativas de los clientes.","breadcrumb":{"@id":"https:\/\/www.jasec.go.cr\/index.php\/actas-2025-oficializadas\/#breadcrumb"},"inLanguage":"es","potentialAction":[{"@type":"ReadAction","target":["https:\/\/www.jasec.go.cr\/index.php\/actas-2025-oficializadas\/"]}]},{"@type":"BreadcrumbList","@id":"https:\/\/www.jasec.go.cr\/index.php\/actas-2025-oficializadas\/#breadcrumb","itemListElement":[{"@type":"ListItem","position":1,"name":"Portada","item":"https:\/\/www.jasec.go.cr\/"},{"@type":"ListItem","position":2,"name":"Actas 2025"}]},{"@type":"WebSite","@id":"https:\/\/www.jasec.go.cr\/#website","url":"https:\/\/www.jasec.go.cr\/","name":"Jasec","description":"Junta Administrativa del Servicio El\u00e9ctrico Municipal de Cartago","publisher":{"@id":"https:\/\/www.jasec.go.cr\/#organization"},"potentialAction":[{"@type":"SearchAction","target":{"@type":"EntryPoint","urlTemplate":"https:\/\/www.jasec.go.cr\/?s={search_term_string}"},"query-input":{"@type":"PropertyValueSpecification","valueRequired":true,"valueName":"search_term_string"}}],"inLanguage":"es"},{"@type":"Organization","@id":"https:\/\/www.jasec.go.cr\/#organization","name":"Jasec","url":"https:\/\/www.jasec.go.cr\/","logo":{"@type":"ImageObject","inLanguage":"es","@id":"https:\/\/www.jasec.go.cr\/#\/schema\/logo\/image\/","url":"https:\/\/www.jasec.go.cr\/wp-content\/uploads\/2018\/07\/logo.png","contentUrl":"https:\/\/www.jasec.go.cr\/wp-content\/uploads\/2018\/07\/logo.png","width":185,"height":67,"caption":"Jasec"},"image":{"@id":"https:\/\/www.jasec.go.cr\/#\/schema\/logo\/image\/"}}]}},"_links":{"self":[{"href":"https:\/\/www.jasec.go.cr\/index.php\/wp-json\/wp\/v2\/pages\/6756","targetHints":{"allow":["GET"]}}],"collection":[{"href":"https:\/\/www.jasec.go.cr\/index.php\/wp-json\/wp\/v2\/pages"}],"about":[{"href":"https:\/\/www.jasec.go.cr\/index.php\/wp-json\/wp\/v2\/types\/page"}],"author":[{"embeddable":true,"href":"https:\/\/www.jasec.go.cr\/index.php\/wp-json\/wp\/v2\/users\/1"}],"replies":[{"embeddable":true,"href":"https:\/\/www.jasec.go.cr\/index.php\/wp-json\/wp\/v2\/comments?post=6756"}],"version-history":[{"count":6,"href":"https:\/\/www.jasec.go.cr\/index.php\/wp-json\/wp\/v2\/pages\/6756\/revisions"}],"predecessor-version":[{"id":6921,"href":"https:\/\/www.jasec.go.cr\/index.php\/wp-json\/wp\/v2\/pages\/6756\/revisions\/6921"}],"wp:attachment":[{"href":"https:\/\/www.jasec.go.cr\/index.php\/wp-json\/wp\/v2\/media?parent=6756"}],"curies":[{"name":"wp","href":"https:\/\/api.w.org\/{rel}","templated":true}]}}