{"id":6128,"date":"2024-08-07T14:04:25","date_gmt":"2024-08-07T14:04:25","guid":{"rendered":"https:\/\/www.jasec.go.cr\/index.php\/actas-2024-2\/"},"modified":"2026-02-13T19:41:44","modified_gmt":"2026-02-13T19:41:44","slug":"actas-2025","status":"publish","type":"page","link":"https:\/\/www.jasec.go.cr\/index.php\/actas-2025\/","title":{"rendered":"Actas 2025"},"content":{"rendered":"<div class=\"fusion-fullwidth fullwidth-box fusion-builder-row-1 fusion-flex-container nonhundred-percent-fullwidth non-hundred-percent-height-scrolling\" style=\"background-color: rgba(255,255,255,0);background-position: center center;background-repeat: no-repeat;border-width: 0px 0px 0px 0px;border-color:#e5e5e5;border-style:solid;\" ><div class=\"fusion-builder-row fusion-row fusion-flex-align-items-flex-start\" style=\"max-width:1352px;margin-left: calc(-4% \/ 2 );margin-right: calc(-4% \/ 2 );\"><div class=\"fusion-layout-column fusion_builder_column fusion-builder-column-0 fusion_builder_column_1_2 1_2 fusion-flex-column\"><div class=\"fusion-column-wrapper fusion-flex-justify-content-flex-start fusion-content-layout-column\" style=\"background-position:left top;background-repeat:no-repeat;-webkit-background-size:cover;-moz-background-size:cover;-o-background-size:cover;background-size:cover;padding: 0px 0px 0px 0px;\">\n<table width=\"100%\">\n<tbody>\n<tr>\n<td align=\"left\"><a role=\"link\" href=\"https:\/\/www.jasec.go.cr\/wp-content\/uploads\/2021\/04\/acta069-2025-PGGO.PR7_.FM2_-1.pdf\" target=\"_blank\" rel=\"noopener\" data-wahfont=\"16\">Acta 069-2025<\/a><\/td>\n<\/tr>\n<tr>\n<td align=\"left\"><a role=\"link\" href=\"https:\/\/www.jasec.go.cr\/wp-content\/uploads\/2021\/04\/acta070-2025-PGGO.PR7_.FM2_-1.pdf\" target=\"_blank\" rel=\"noopener\" data-wahfont=\"16\">Acta 070-2025<\/a><\/td>\n<\/tr>\n<tr>\n<td align=\"left\"><a role=\"link\" href=\"https:\/\/www.jasec.go.cr\/wp-content\/uploads\/2021\/04\/acta071-2025-PGGO.PR7_.FM2_-1.pdf\" target=\"_blank\" rel=\"noopener\" data-wahfont=\"16\">Acta 071-2025<\/a><\/td>\n<\/tr>\n<tr>\n<td align=\"left\"><a role=\"link\" href=\"https:\/\/www.jasec.go.cr\/wp-content\/uploads\/2021\/04\/acta072-2025-PGGO.PR7_.FM2_-1.pdf\" target=\"_blank\" rel=\"noopener\" data-wahfont=\"16\">Acta 072-2025<\/a><\/td>\n<\/tr>\n<tr>\n<td align=\"left\"><a role=\"link\" href=\"https:\/\/www.jasec.go.cr\/wp-content\/uploads\/2021\/04\/acta073-2025-PGGO.PR7_.FM2_-1.pdf\" target=\"_blank\" rel=\"noopener\" data-wahfont=\"16\">Acta 073-2025<\/a><\/td>\n<\/tr>\n<tr>\n<td align=\"left\"><a role=\"link\" href=\"https:\/\/www.jasec.go.cr\/wp-content\/uploads\/2021\/04\/acta074-2025-PGGO.PR7_.FM2_-1.pdf\" target=\"_blank\" rel=\"noopener\" data-wahfont=\"16\">Acta 074-2025<\/a><\/td>\n<\/tr>\n<tr>\n<td align=\"left\"><a role=\"link\" href=\"https:\/\/www.jasec.go.cr\/wp-content\/uploads\/2021\/04\/acta075-2025-PGGO.PR7_.FM2_.pdf\" target=\"_blank\" rel=\"noopener\" data-wahfont=\"16\">Acta 075-2025<\/a><\/td>\n<\/tr>\n<tr>\n<td align=\"left\"><a role=\"link\" href=\"https:\/\/www.jasec.go.cr\/wp-content\/uploads\/2021\/04\/acta076-2025-PGGO.PR7_.FM2_.pdf\" target=\"_blank\" rel=\"noopener\" data-wahfont=\"16\">Acta 076-2025<\/a><\/td>\n<\/tr>\n<tr>\n<td align=\"left\"><a role=\"link\" href=\"https:\/\/www.jasec.go.cr\/wp-content\/uploads\/2021\/04\/acta077-2025-PGGO.PR7_.FM2_.pdf\" target=\"_blank\" rel=\"noopener\" data-wahfont=\"16\">Acta 077-2025<\/a><\/td>\n<\/tr>\n<tr>\n<td align=\"left\"><a role=\"link\" href=\"https:\/\/www.jasec.go.cr\/wp-content\/uploads\/2021\/04\/acta078-2025-PGGO.PR7_.FM2_.pdf\" target=\"_blank\" rel=\"noopener\" data-wahfont=\"16\">Acta 078-2025<\/a><\/td>\n<\/tr>\n<tr>\n<td align=\"left\"><a role=\"link\" href=\"https:\/\/www.jasec.go.cr\/wp-content\/uploads\/2021\/04\/acta079-2025-PGGO.PR7_.FM2_.pdf\" target=\"_blank\" rel=\"noopener\" data-wahfont=\"16\">Acta 079-2025<\/a><\/td>\n<\/tr>\n<tr>\n<td align=\"left\"><a role=\"link\" href=\"https:\/\/www.jasec.go.cr\/wp-content\/uploads\/2021\/04\/acta080-2025-PGGO.PR7_.FM2_.pdf\" target=\"_blank\" rel=\"noopener\" data-wahfont=\"16\">Acta 080-2025<\/a><\/td>\n<\/tr>\n<tr>\n<td align=\"left\"><a role=\"link\" href=\"https:\/\/www.jasec.go.cr\/wp-content\/uploads\/2021\/04\/acta081-2025-PGGO.PR7_.FM2_.pdf\" target=\"_blank\" rel=\"noopener\" data-wahfont=\"16\">Acta 081-2025<\/a><\/td>\n<\/tr>\n<tr>\n<td align=\"left\"><a role=\"link\" href=\"https:\/\/www.jasec.go.cr\/wp-content\/uploads\/2021\/04\/acta082-2025-PGGO.PR7_.FM2_.pdf\" target=\"_blank\" rel=\"noopener\" data-wahfont=\"16\">Acta 082-2025<\/a><\/td>\n<\/tr>\n<tr>\n<td align=\"left\"><a role=\"link\" href=\"https:\/\/www.jasec.go.cr\/wp-content\/uploads\/2021\/04\/acta083-2025-PGGO.PR7_.FM2_.pdf\" target=\"_blank\" rel=\"noopener\" data-wahfont=\"16\">Acta 083-2025<\/a><\/td>\n<\/tr>\n<tr>\n<td align=\"left\"><a role=\"link\" href=\"https:\/\/www.jasec.go.cr\/wp-content\/uploads\/2021\/04\/acta084-2025-PGGO.PR7_.FM2_.pdf\" target=\"_blank\" rel=\"noopener\" data-wahfont=\"16\">Acta 084-2025<\/a><\/td>\n<\/tr>\n<tr>\n<td align=\"left\"><a role=\"link\" href=\"https:\/\/www.jasec.go.cr\/wp-content\/uploads\/2021\/04\/acta085-2025-PGGO.PR7_.FM2_.pdf\" target=\"_blank\" rel=\"noopener\" data-wahfont=\"16\">Acta 085-2025<\/a><\/td>\n<\/tr>\n<tr>\n<td align=\"left\"><a role=\"link\" href=\"https:\/\/www.jasec.go.cr\/wp-content\/uploads\/2021\/04\/acta086-2025-PGGO.PR7_.FM2_.pdf\" target=\"_blank\" rel=\"noopener\" data-wahfont=\"16\">Acta 086-2025<\/a><\/td>\n<\/tr>\n<tr>\n<td align=\"left\"><a role=\"link\" href=\"https:\/\/www.jasec.go.cr\/wp-content\/uploads\/2021\/04\/acta087-2025-PGGO.PR7_.FM2_.pdf\" target=\"_blank\" rel=\"noopener\" data-wahfont=\"16\">Acta 087-2025<\/a><\/td>\n<\/tr>\n<tr>\n<td align=\"left\"><a role=\"link\" href=\"https:\/\/www.jasec.go.cr\/wp-content\/uploads\/2021\/04\/acta088-2025-PGGO.PR7_.FM2_.pdf\" target=\"_blank\" rel=\"noopener\" data-wahfont=\"16\">Acta 088-2025<\/a><\/td>\n<\/tr>\n<tr>\n<td align=\"left\"><a role=\"link\" href=\"https:\/\/www.jasec.go.cr\/wp-content\/uploads\/2021\/04\/acta089-2025-PGGO.PR7_.FM2_.pdf\" target=\"_blank\" rel=\"noopener\" data-wahfont=\"16\">Acta 089-2025<\/a><\/td>\n<\/tr>\n<tr>\n<td align=\"left\"><a role=\"link\" href=\"https:\/\/www.jasec.go.cr\/wp-content\/uploads\/2021\/04\/acta090-2025-PGGO.PR7_.FM2_.pdf\" target=\"_blank\" rel=\"noopener\" data-wahfont=\"16\">Acta 090-2025<\/a><\/td>\n<\/tr>\n<tr>\n<td align=\"left\"><a role=\"link\" href=\"https:\/\/www.jasec.go.cr\/wp-content\/uploads\/2021\/04\/acta091-2025-PGGO.PR7_.FM2_.pdf\" target=\"_blank\" rel=\"noopener\" data-wahfont=\"16\">Acta 091-2025<\/a><\/td>\n<\/tr>\n<tr>\n<td align=\"left\"><a role=\"link\" href=\"https:\/\/www.jasec.go.cr\/wp-content\/uploads\/2021\/04\/acta092-2025-PGGO.PR7_.FM2_.pdf\" target=\"_blank\" rel=\"noopener\" data-wahfont=\"16\">Acta 092-2025<\/a><\/td>\n<\/tr>\n<tr>\n<td align=\"left\"><a role=\"link\" href=\"https:\/\/www.jasec.go.cr\/wp-content\/uploads\/2021\/04\/acta093-2025-PGGO.PR7_.FM2_.pdf\" target=\"_blank\" rel=\"noopener\" data-wahfont=\"16\">Acta 093-2025<\/a><\/td>\n<\/tr>\n<tr>\n<td align=\"left\"><a role=\"link\" href=\"https:\/\/www.jasec.go.cr\/wp-content\/uploads\/2021\/04\/acta094-2025-PGGO.PR7_.FM2_.pdf\" target=\"_blank\" rel=\"noopener\" data-wahfont=\"16\">Acta 094-2025<\/a><\/td>\n<\/tr>\n<tr>\n<td align=\"left\"><a role=\"link\" href=\"https:\/\/www.jasec.go.cr\/wp-content\/uploads\/2021\/04\/acta095-2025-PGGO.PR7_.FM2_.pdf\" target=\"_blank\" rel=\"noopener\" data-wahfont=\"16\">Acta 095-2025<\/a><\/td>\n<\/tr>\n<tr>\n<td align=\"left\"><a role=\"link\" href=\"https:\/\/www.jasec.go.cr\/wp-content\/uploads\/2021\/04\/acta096-2025-PGGO.PR7_.FM2_.pdf\" target=\"_blank\" rel=\"noopener\" data-wahfont=\"16\">Acta 096-2025<\/a><\/td>\n<\/tr>\n<tr>\n<td align=\"left\"><a role=\"link\" href=\"https:\/\/www.jasec.go.cr\/wp-content\/uploads\/2021\/04\/acta097-2025-PGGO.PR7_.FM2_.pdf\" target=\"_blank\" rel=\"noopener\" data-wahfont=\"16\">Acta 097-2025<\/a><\/td>\n<\/tr>\n<tr>\n<td align=\"left\"><a role=\"link\" href=\"https:\/\/www.jasec.go.cr\/wp-content\/uploads\/2021\/04\/acta098-2025-PGGO.PR7_.FM2_.pdf\" target=\"_blank\" rel=\"noopener\" data-wahfont=\"16\">Acta 098-2025<\/a><\/td>\n<\/tr>\n<tr>\n<td align=\"left\"><a role=\"link\" href=\"https:\/\/www.jasec.go.cr\/wp-content\/uploads\/2021\/04\/acta099-2025-PGGO.PR7_.FM2_.pdf\" target=\"_blank\" rel=\"noopener\" data-wahfont=\"16\">Acta 099-2025<\/a><\/td>\n<\/tr>\n<tr>\n<td align=\"left\"><a role=\"link\" href=\"https:\/\/www.jasec.go.cr\/wp-content\/uploads\/2021\/04\/acta100-2025-PGGO.PR7_.FM2_.pdf\" target=\"_blank\" rel=\"noopener\" data-wahfont=\"16\">Acta 100-2025<\/a><\/td>\n<\/tr>\n<tr>\n<td align=\"left\"><a role=\"link\" href=\"https:\/\/www.jasec.go.cr\/wp-content\/uploads\/2021\/04\/acta101-2025-PGGO.PR7_.FM2_.pdf\" target=\"_blank\" rel=\"noopener\" data-wahfont=\"16\">Acta 101-2025<\/a><\/td>\n<\/tr>\n<tr>\n<td align=\"left\"><a role=\"link\" href=\"https:\/\/www.jasec.go.cr\/wp-content\/uploads\/2021\/04\/acta102-2025-PGGO.PR7_.FM2_.pdf\" target=\"_blank\" rel=\"noopener\" data-wahfont=\"16\">Acta 102-2025<\/a><\/td>\n<\/tr>\n<tr>\n<td align=\"left\"><a role=\"link\" href=\"https:\/\/www.jasec.go.cr\/wp-content\/uploads\/2021\/04\/acta103-2025-PGGO.PR7_.FM2_.pdf\" target=\"_blank\" rel=\"noopener\" data-wahfont=\"16\">Acta 103-2025<\/a><\/td>\n<\/tr>\n<tr>\n<td align=\"left\"><a role=\"link\" href=\"https:\/\/www.jasec.go.cr\/wp-content\/uploads\/2021\/04\/acta104-2025-PGGO.PR7_.FM2_.pdf\" target=\"_blank\" rel=\"noopener\" data-wahfont=\"16\">Acta 104-2025<\/a><\/td>\n<\/tr>\n<\/tbody>\n<\/table>\n<\/div><\/div><style type=\"text\/css\">.fusion-body .fusion-builder-column-0{width:50% !important;margin-top : 0px;margin-bottom : 20px;}.fusion-builder-column-0 > .fusion-column-wrapper {padding-top : 0px !important;padding-right : 0px !important;margin-right : 3.84%;padding-bottom : 0px !important;padding-left : 0px !important;margin-left : 3.84%;}@media only screen and (max-width:1024px) {.fusion-body .fusion-builder-column-0{width:100% !important;order : 0;}.fusion-builder-column-0 > .fusion-column-wrapper {margin-right : 1.92%;margin-left : 1.92%;}}@media only screen and (max-width:640px) {.fusion-body .fusion-builder-column-0{width:100% !important;order : 0;}.fusion-builder-column-0 > .fusion-column-wrapper {margin-right : 1.92%;margin-left : 1.92%;}}<\/style><\/div><style type=\"text\/css\">.fusion-body .fusion-flex-container.fusion-builder-row-1{ padding-top : 0px;margin-top : 0px;padding-right : 0px;padding-bottom : 0px;margin-bottom : 0px;padding-left : 0px;}<\/style><\/div>\n","protected":false},"excerpt":{"rendered":"","protected":false},"author":1,"featured_media":0,"parent":0,"menu_order":0,"comment_status":"closed","ping_status":"closed","template":"","meta":{"footnotes":""},"class_list":["post-6128","page","type-page","status-publish","hentry"],"yoast_head":"<!-- This site is optimized with the Yoast SEO plugin v27.4 - https:\/\/yoast.com\/product\/yoast-seo-wordpress\/ -->\n<title>Actas 2025 - Jasec<\/title>\n<meta name=\"description\" content=\"Una empresa corporativa de servicios de inter\u00e9s p\u00fablico, l\u00edder, visionaria, con calidad internacional, que supera las expectativas de los clientes.\" \/>\n<meta name=\"robots\" content=\"index, follow, max-snippet:-1, max-image-preview:large, max-video-preview:-1\" \/>\n<link rel=\"canonical\" href=\"https:\/\/www.jasec.go.cr\/index.php\/actas-2025\/\" \/>\n<meta property=\"og:locale\" content=\"es_ES\" \/>\n<meta property=\"og:type\" content=\"article\" \/>\n<meta property=\"og:title\" content=\"Actas 2025 - Jasec\" \/>\n<meta property=\"og:description\" content=\"Una empresa corporativa de servicios de inter\u00e9s p\u00fablico, l\u00edder, visionaria, con calidad internacional, que supera las expectativas de los clientes.\" \/>\n<meta property=\"og:url\" content=\"https:\/\/www.jasec.go.cr\/index.php\/actas-2025\/\" \/>\n<meta property=\"og:site_name\" content=\"Jasec\" \/>\n<meta property=\"article:modified_time\" content=\"2026-02-13T19:41:44+00:00\" \/>\n<meta name=\"twitter:card\" content=\"summary_large_image\" \/>\n<meta name=\"twitter:label1\" content=\"Tiempo de lectura\" \/>\n\t<meta name=\"twitter:data1\" content=\"2 minutos\" \/>\n<script type=\"application\/ld+json\" class=\"yoast-schema-graph\">{\"@context\":\"https:\\\/\\\/schema.org\",\"@graph\":[{\"@type\":\"WebPage\",\"@id\":\"https:\\\/\\\/www.jasec.go.cr\\\/index.php\\\/actas-2025\\\/\",\"url\":\"https:\\\/\\\/www.jasec.go.cr\\\/index.php\\\/actas-2025\\\/\",\"name\":\"Actas 2025 - Jasec\",\"isPartOf\":{\"@id\":\"https:\\\/\\\/www.jasec.go.cr\\\/#website\"},\"datePublished\":\"2024-08-07T14:04:25+00:00\",\"dateModified\":\"2026-02-13T19:41:44+00:00\",\"description\":\"Una empresa corporativa de servicios de inter\u00e9s p\u00fablico, l\u00edder, visionaria, con calidad internacional, que supera las expectativas de los clientes.\",\"breadcrumb\":{\"@id\":\"https:\\\/\\\/www.jasec.go.cr\\\/index.php\\\/actas-2025\\\/#breadcrumb\"},\"inLanguage\":\"es\",\"potentialAction\":[{\"@type\":\"ReadAction\",\"target\":[\"https:\\\/\\\/www.jasec.go.cr\\\/index.php\\\/actas-2025\\\/\"]}]},{\"@type\":\"BreadcrumbList\",\"@id\":\"https:\\\/\\\/www.jasec.go.cr\\\/index.php\\\/actas-2025\\\/#breadcrumb\",\"itemListElement\":[{\"@type\":\"ListItem\",\"position\":1,\"name\":\"Portada\",\"item\":\"https:\\\/\\\/www.jasec.go.cr\\\/\"},{\"@type\":\"ListItem\",\"position\":2,\"name\":\"Actas 2025\"}]},{\"@type\":\"WebSite\",\"@id\":\"https:\\\/\\\/www.jasec.go.cr\\\/#website\",\"url\":\"https:\\\/\\\/www.jasec.go.cr\\\/\",\"name\":\"Jasec\",\"description\":\"Junta Administrativa del Servicio El\u00e9ctrico Municipal de Cartago\",\"publisher\":{\"@id\":\"https:\\\/\\\/www.jasec.go.cr\\\/#organization\"},\"potentialAction\":[{\"@type\":\"SearchAction\",\"target\":{\"@type\":\"EntryPoint\",\"urlTemplate\":\"https:\\\/\\\/www.jasec.go.cr\\\/?s={search_term_string}\"},\"query-input\":{\"@type\":\"PropertyValueSpecification\",\"valueRequired\":true,\"valueName\":\"search_term_string\"}}],\"inLanguage\":\"es\"},{\"@type\":\"Organization\",\"@id\":\"https:\\\/\\\/www.jasec.go.cr\\\/#organization\",\"name\":\"Jasec\",\"url\":\"https:\\\/\\\/www.jasec.go.cr\\\/\",\"logo\":{\"@type\":\"ImageObject\",\"inLanguage\":\"es\",\"@id\":\"https:\\\/\\\/www.jasec.go.cr\\\/#\\\/schema\\\/logo\\\/image\\\/\",\"url\":\"https:\\\/\\\/www.jasec.go.cr\\\/wp-content\\\/uploads\\\/2018\\\/07\\\/logo.png\",\"contentUrl\":\"https:\\\/\\\/www.jasec.go.cr\\\/wp-content\\\/uploads\\\/2018\\\/07\\\/logo.png\",\"width\":185,\"height\":67,\"caption\":\"Jasec\"},\"image\":{\"@id\":\"https:\\\/\\\/www.jasec.go.cr\\\/#\\\/schema\\\/logo\\\/image\\\/\"}}]}<\/script>\n<!-- \/ Yoast SEO plugin. -->","yoast_head_json":{"title":"Actas 2025 - Jasec","description":"Una empresa corporativa de servicios de inter\u00e9s p\u00fablico, l\u00edder, visionaria, con calidad internacional, que supera las expectativas de los clientes.","robots":{"index":"index","follow":"follow","max-snippet":"max-snippet:-1","max-image-preview":"max-image-preview:large","max-video-preview":"max-video-preview:-1"},"canonical":"https:\/\/www.jasec.go.cr\/index.php\/actas-2025\/","og_locale":"es_ES","og_type":"article","og_title":"Actas 2025 - Jasec","og_description":"Una empresa corporativa de servicios de inter\u00e9s p\u00fablico, l\u00edder, visionaria, con calidad internacional, que supera las expectativas de los clientes.","og_url":"https:\/\/www.jasec.go.cr\/index.php\/actas-2025\/","og_site_name":"Jasec","article_modified_time":"2026-02-13T19:41:44+00:00","twitter_card":"summary_large_image","twitter_misc":{"Tiempo de lectura":"2 minutos"},"schema":{"@context":"https:\/\/schema.org","@graph":[{"@type":"WebPage","@id":"https:\/\/www.jasec.go.cr\/index.php\/actas-2025\/","url":"https:\/\/www.jasec.go.cr\/index.php\/actas-2025\/","name":"Actas 2025 - Jasec","isPartOf":{"@id":"https:\/\/www.jasec.go.cr\/#website"},"datePublished":"2024-08-07T14:04:25+00:00","dateModified":"2026-02-13T19:41:44+00:00","description":"Una empresa corporativa de servicios de inter\u00e9s p\u00fablico, l\u00edder, visionaria, con calidad internacional, que supera las expectativas de los clientes.","breadcrumb":{"@id":"https:\/\/www.jasec.go.cr\/index.php\/actas-2025\/#breadcrumb"},"inLanguage":"es","potentialAction":[{"@type":"ReadAction","target":["https:\/\/www.jasec.go.cr\/index.php\/actas-2025\/"]}]},{"@type":"BreadcrumbList","@id":"https:\/\/www.jasec.go.cr\/index.php\/actas-2025\/#breadcrumb","itemListElement":[{"@type":"ListItem","position":1,"name":"Portada","item":"https:\/\/www.jasec.go.cr\/"},{"@type":"ListItem","position":2,"name":"Actas 2025"}]},{"@type":"WebSite","@id":"https:\/\/www.jasec.go.cr\/#website","url":"https:\/\/www.jasec.go.cr\/","name":"Jasec","description":"Junta Administrativa del Servicio El\u00e9ctrico Municipal de Cartago","publisher":{"@id":"https:\/\/www.jasec.go.cr\/#organization"},"potentialAction":[{"@type":"SearchAction","target":{"@type":"EntryPoint","urlTemplate":"https:\/\/www.jasec.go.cr\/?s={search_term_string}"},"query-input":{"@type":"PropertyValueSpecification","valueRequired":true,"valueName":"search_term_string"}}],"inLanguage":"es"},{"@type":"Organization","@id":"https:\/\/www.jasec.go.cr\/#organization","name":"Jasec","url":"https:\/\/www.jasec.go.cr\/","logo":{"@type":"ImageObject","inLanguage":"es","@id":"https:\/\/www.jasec.go.cr\/#\/schema\/logo\/image\/","url":"https:\/\/www.jasec.go.cr\/wp-content\/uploads\/2018\/07\/logo.png","contentUrl":"https:\/\/www.jasec.go.cr\/wp-content\/uploads\/2018\/07\/logo.png","width":185,"height":67,"caption":"Jasec"},"image":{"@id":"https:\/\/www.jasec.go.cr\/#\/schema\/logo\/image\/"}}]}},"_links":{"self":[{"href":"https:\/\/www.jasec.go.cr\/index.php\/wp-json\/wp\/v2\/pages\/6128","targetHints":{"allow":["GET"]}}],"collection":[{"href":"https:\/\/www.jasec.go.cr\/index.php\/wp-json\/wp\/v2\/pages"}],"about":[{"href":"https:\/\/www.jasec.go.cr\/index.php\/wp-json\/wp\/v2\/types\/page"}],"author":[{"embeddable":true,"href":"https:\/\/www.jasec.go.cr\/index.php\/wp-json\/wp\/v2\/users\/1"}],"replies":[{"embeddable":true,"href":"https:\/\/www.jasec.go.cr\/index.php\/wp-json\/wp\/v2\/comments?post=6128"}],"version-history":[{"count":28,"href":"https:\/\/www.jasec.go.cr\/index.php\/wp-json\/wp\/v2\/pages\/6128\/revisions"}],"predecessor-version":[{"id":6961,"href":"https:\/\/www.jasec.go.cr\/index.php\/wp-json\/wp\/v2\/pages\/6128\/revisions\/6961"}],"wp:attachment":[{"href":"https:\/\/www.jasec.go.cr\/index.php\/wp-json\/wp\/v2\/media?parent=6128"}],"curies":[{"name":"wp","href":"https:\/\/api.w.org\/{rel}","templated":true}]}}