{"id":5535,"date":"2024-07-15T17:16:26","date_gmt":"2024-07-15T17:16:26","guid":{"rendered":"https:\/\/www.jasec.go.cr\/?page_id=5535"},"modified":"2024-07-15T18:18:40","modified_gmt":"2024-07-15T18:18:40","slug":"ef-2022","status":"publish","type":"page","link":"https:\/\/www.jasec.go.cr\/index.php\/ef-2022\/","title":{"rendered":"EF-2022"},"content":{"rendered":"<div class=\"fusion-fullwidth fullwidth-box fusion-builder-row-1 fusion-flex-container nonhundred-percent-fullwidth non-hundred-percent-height-scrolling\" style=\"background-color: rgba(255,255,255,0);background-position: center center;background-repeat: no-repeat;border-width: 0px 0px 0px 0px;border-color:#e5e5e5;border-style:solid;\" ><div class=\"fusion-builder-row fusion-row fusion-flex-align-items-flex-start\" style=\"max-width:1352px;margin-left: calc(-4% \/ 2 );margin-right: calc(-4% \/ 2 );\"><div class=\"fusion-layout-column fusion_builder_column fusion-builder-column-0 fusion_builder_column_1_2 1_2 fusion-flex-column\"><div class=\"fusion-column-wrapper fusion-flex-justify-content-flex-start fusion-content-layout-column\" style=\"background-position:left top;background-repeat:no-repeat;-webkit-background-size:cover;-moz-background-size:cover;-o-background-size:cover;background-size:cover;padding: 0px 0px 0px 0px;\">\n<div class=\"table-2\">\n<table width=\"100%\">\n<thead>\n<tr>\n<th align=\"left\">Estados financieros<\/th>\n<\/tr>\n<\/thead>\n<tbody>\n<tr>\n<td align=\"left\"><a href=\"https:\/\/www.jasec.go.cr\/docs\/pdf\/transpariencia\/contabilidad\/estados-financieros\/2022\/Enero-2022.pdf\" target=\"_blank\" rel=\"noopener\">Enero<\/a><\/td>\n<\/tr>\n<tr>\n<td align=\"left\"><a href=\"https:\/\/www.jasec.go.cr\/docs\/pdf\/transpariencia\/contabilidad\/estados-financieros\/2022\/Febrero-2022.pdf\" target=\"_blank\" rel=\"noopener\">Febrero<\/a><\/td>\n<\/tr>\n<tr>\n<td align=\"left\"><a href=\"https:\/\/www.jasec.go.cr\/docs\/pdf\/transpariencia\/contabilidad\/estados-financieros\/2022\/Marzo-2022.pdf\" target=\"_blank\" rel=\"noopener\">Marzo<\/a><\/td>\n<\/tr>\n<tr>\n<td align=\"left\"><a href=\"https:\/\/www.jasec.go.cr\/docs\/pdf\/transpariencia\/contabilidad\/estados-financieros\/2022\/Abril-2022.pdf\" target=\"_blank\" rel=\"noopener\">Abril<\/a><\/td>\n<\/tr>\n<tr>\n<td align=\"left\"><a href=\"https:\/\/www.jasec.go.cr\/docs\/pdf\/transpariencia\/contabilidad\/estados-financieros\/2022\/Mayo-2022.pdf\" target=\"_blank\" rel=\"noopener\">Mayo<\/a><\/td>\n<\/tr>\n<tr>\n<td align=\"left\"><a href=\"https:\/\/www.jasec.go.cr\/docs\/pdf\/transpariencia\/contabilidad\/estados-financieros\/2022\/Junio-2022.pdf\" target=\"_blank\" rel=\"noopener\">Junio<\/a><\/td>\n<\/tr>\n<tr>\n<td align=\"left\"><a href=\"https:\/\/www.jasec.go.cr\/docs\/pdf\/transpariencia\/contabilidad\/estados-financieros\/2022\/Julio-2022.pdf\" target=\"_blank\" rel=\"noopener\">Julio<\/a><\/td>\n<\/tr>\n<tr>\n<td align=\"left\"><a href=\"https:\/\/www.jasec.go.cr\/docs\/pdf\/transpariencia\/contabilidad\/estados-financieros\/2022\/Agosto-2022.pdf\" target=\"_blank\" rel=\"noopener\">Agosto<\/a><\/td>\n<\/tr>\n<tr>\n<td align=\"left\"><a href=\"https:\/\/www.jasec.go.cr\/docs\/pdf\/transpariencia\/contabilidad\/estados-financieros\/2022\/Setiembre-2022.pdf\" target=\"_blank\" rel=\"noopener\">Setiembre<\/a><\/td>\n<\/tr>\n<tr>\n<td align=\"left\"><a href=\"https:\/\/www.jasec.go.cr\/docs\/pdf\/transpariencia\/contabilidad\/estados-financieros\/2022\/Octubre-2022.pdf\" target=\"_blank\" rel=\"noopener\">Octubre<\/a><\/td>\n<\/tr>\n<tr>\n<td align=\"left\"><a href=\"https:\/\/www.jasec.go.cr\/docs\/pdf\/transpariencia\/contabilidad\/estados-financieros\/2022\/Noviembre-2022.pdf\" target=\"_blank\" rel=\"noopener\">Noviembre<\/a><\/td>\n<\/tr>\n<tr>\n<td align=\"left\"><a href=\"https:\/\/www.jasec.go.cr\/docs\/pdf\/transpariencia\/contabilidad\/estados-financieros\/2022\/Diciembre-2022.pdf\" target=\"_blank\" rel=\"noopener\">Diciembre<\/a><\/td>\n<\/tr>\n<\/tbody>\n<\/table>\n<\/div>\n<\/div><\/div><style type=\"text\/css\">.fusion-body .fusion-builder-column-0{width:50% !important;margin-top : 0px;margin-bottom : 20px;}.fusion-builder-column-0 > .fusion-column-wrapper {padding-top : 0px !important;padding-right : 0px !important;margin-right : 3.84%;padding-bottom : 0px !important;padding-left : 0px !important;margin-left : 3.84%;}@media only screen and (max-width:1024px) {.fusion-body .fusion-builder-column-0{width:100% !important;order : 0;}.fusion-builder-column-0 > .fusion-column-wrapper {margin-right : 1.92%;margin-left : 1.92%;}}@media only screen and (max-width:640px) {.fusion-body .fusion-builder-column-0{width:100% !important;order : 0;}.fusion-builder-column-0 > .fusion-column-wrapper {margin-right : 1.92%;margin-left : 1.92%;}}<\/style><div class=\"fusion-layout-column fusion_builder_column fusion-builder-column-1 fusion_builder_column_1_2 1_2 fusion-flex-column\"><div class=\"fusion-column-wrapper fusion-flex-justify-content-flex-start fusion-content-layout-column\" style=\"background-position:left top;background-repeat:no-repeat;-webkit-background-size:cover;-moz-background-size:cover;-o-background-size:cover;background-size:cover;padding: 0px 0px 0px 0px;\">\n<div class=\"table-2\">\n<table width=\"100%\">\n<thead>\n<tr>\n<th align=\"left\">Estado financiero auditado<\/th>\n<\/tr>\n<\/thead>\n<tbody>\n<tr>\n<td align=\"left\"><a href=\"https:\/\/www.jasec.go.cr\/docs\/pdf\/transpariencia\/contabilidad\/estados-financieros\/auditados\/2022.pdf\" target=\"_blank\" rel=\"noopener\">Diciembre<\/a><\/td>\n<\/tr>\n<\/tbody>\n<\/table>\n<\/div>\n<\/div><\/div><style type=\"text\/css\">.fusion-body .fusion-builder-column-1{width:50% !important;margin-top : 0px;margin-bottom : 20px;}.fusion-builder-column-1 > .fusion-column-wrapper {padding-top : 0px !important;padding-right : 0px !important;margin-right : 3.84%;padding-bottom : 0px !important;padding-left : 0px !important;margin-left : 3.84%;}@media only screen and (max-width:1024px) {.fusion-body .fusion-builder-column-1{width:100% !important;order : 0;}.fusion-builder-column-1 > .fusion-column-wrapper {margin-right : 1.92%;margin-left : 1.92%;}}@media only screen and (max-width:640px) {.fusion-body .fusion-builder-column-1{width:100% !important;order : 0;}.fusion-builder-column-1 > .fusion-column-wrapper {margin-right : 1.92%;margin-left : 1.92%;}}<\/style><\/div><style type=\"text\/css\">.fusion-body .fusion-flex-container.fusion-builder-row-1{ padding-top : 0px;margin-top : 0px;padding-right : 0px;padding-bottom : 0px;margin-bottom : 0px;padding-left : 0px;}<\/style><\/div>\n","protected":false},"excerpt":{"rendered":"","protected":false},"author":35,"featured_media":0,"parent":0,"menu_order":0,"comment_status":"closed","ping_status":"closed","template":"","meta":{"footnotes":""},"class_list":["post-5535","page","type-page","status-publish","hentry"],"yoast_head":"<!-- This site is optimized with the Yoast SEO plugin v27.3 - https:\/\/yoast.com\/product\/yoast-seo-wordpress\/ -->\n<title>EF-2022 - Jasec<\/title>\n<meta name=\"description\" content=\"Una empresa corporativa de servicios de inter\u00e9s p\u00fablico, l\u00edder, visionaria, con calidad internacional, que supera las expectativas de los clientes.\" \/>\n<meta name=\"robots\" content=\"index, follow, max-snippet:-1, max-image-preview:large, max-video-preview:-1\" \/>\n<link rel=\"canonical\" href=\"https:\/\/www.jasec.go.cr\/index.php\/ef-2022\/\" \/>\n<meta property=\"og:locale\" content=\"es_ES\" \/>\n<meta property=\"og:type\" content=\"article\" \/>\n<meta property=\"og:title\" content=\"EF-2022 - Jasec\" \/>\n<meta property=\"og:description\" content=\"Una empresa corporativa de servicios de inter\u00e9s p\u00fablico, l\u00edder, visionaria, con calidad internacional, que supera las expectativas de los clientes.\" \/>\n<meta property=\"og:url\" content=\"https:\/\/www.jasec.go.cr\/index.php\/ef-2022\/\" \/>\n<meta property=\"og:site_name\" content=\"Jasec\" \/>\n<meta property=\"article:modified_time\" content=\"2024-07-15T18:18:40+00:00\" \/>\n<meta name=\"twitter:card\" content=\"summary_large_image\" \/>\n<script type=\"application\/ld+json\" class=\"yoast-schema-graph\">{\"@context\":\"https:\\\/\\\/schema.org\",\"@graph\":[{\"@type\":\"WebPage\",\"@id\":\"https:\\\/\\\/www.jasec.go.cr\\\/index.php\\\/ef-2022\\\/\",\"url\":\"https:\\\/\\\/www.jasec.go.cr\\\/index.php\\\/ef-2022\\\/\",\"name\":\"EF-2022 - Jasec\",\"isPartOf\":{\"@id\":\"https:\\\/\\\/www.jasec.go.cr\\\/#website\"},\"datePublished\":\"2024-07-15T17:16:26+00:00\",\"dateModified\":\"2024-07-15T18:18:40+00:00\",\"description\":\"Una empresa corporativa de servicios de inter\u00e9s p\u00fablico, l\u00edder, visionaria, con calidad internacional, que supera las expectativas de los clientes.\",\"breadcrumb\":{\"@id\":\"https:\\\/\\\/www.jasec.go.cr\\\/index.php\\\/ef-2022\\\/#breadcrumb\"},\"inLanguage\":\"es\",\"potentialAction\":[{\"@type\":\"ReadAction\",\"target\":[\"https:\\\/\\\/www.jasec.go.cr\\\/index.php\\\/ef-2022\\\/\"]}]},{\"@type\":\"BreadcrumbList\",\"@id\":\"https:\\\/\\\/www.jasec.go.cr\\\/index.php\\\/ef-2022\\\/#breadcrumb\",\"itemListElement\":[{\"@type\":\"ListItem\",\"position\":1,\"name\":\"Portada\",\"item\":\"https:\\\/\\\/www.jasec.go.cr\\\/\"},{\"@type\":\"ListItem\",\"position\":2,\"name\":\"EF-2022\"}]},{\"@type\":\"WebSite\",\"@id\":\"https:\\\/\\\/www.jasec.go.cr\\\/#website\",\"url\":\"https:\\\/\\\/www.jasec.go.cr\\\/\",\"name\":\"Jasec\",\"description\":\"Junta Administrativa del Servicio El\u00e9ctrico Municipal de Cartago\",\"publisher\":{\"@id\":\"https:\\\/\\\/www.jasec.go.cr\\\/#organization\"},\"potentialAction\":[{\"@type\":\"SearchAction\",\"target\":{\"@type\":\"EntryPoint\",\"urlTemplate\":\"https:\\\/\\\/www.jasec.go.cr\\\/?s={search_term_string}\"},\"query-input\":{\"@type\":\"PropertyValueSpecification\",\"valueRequired\":true,\"valueName\":\"search_term_string\"}}],\"inLanguage\":\"es\"},{\"@type\":\"Organization\",\"@id\":\"https:\\\/\\\/www.jasec.go.cr\\\/#organization\",\"name\":\"Jasec\",\"url\":\"https:\\\/\\\/www.jasec.go.cr\\\/\",\"logo\":{\"@type\":\"ImageObject\",\"inLanguage\":\"es\",\"@id\":\"https:\\\/\\\/www.jasec.go.cr\\\/#\\\/schema\\\/logo\\\/image\\\/\",\"url\":\"https:\\\/\\\/www.jasec.go.cr\\\/wp-content\\\/uploads\\\/2018\\\/07\\\/logo.png\",\"contentUrl\":\"https:\\\/\\\/www.jasec.go.cr\\\/wp-content\\\/uploads\\\/2018\\\/07\\\/logo.png\",\"width\":185,\"height\":67,\"caption\":\"Jasec\"},\"image\":{\"@id\":\"https:\\\/\\\/www.jasec.go.cr\\\/#\\\/schema\\\/logo\\\/image\\\/\"}}]}<\/script>\n<!-- \/ Yoast SEO plugin. -->","yoast_head_json":{"title":"EF-2022 - Jasec","description":"Una empresa corporativa de servicios de inter\u00e9s p\u00fablico, l\u00edder, visionaria, con calidad internacional, que supera las expectativas de los clientes.","robots":{"index":"index","follow":"follow","max-snippet":"max-snippet:-1","max-image-preview":"max-image-preview:large","max-video-preview":"max-video-preview:-1"},"canonical":"https:\/\/www.jasec.go.cr\/index.php\/ef-2022\/","og_locale":"es_ES","og_type":"article","og_title":"EF-2022 - Jasec","og_description":"Una empresa corporativa de servicios de inter\u00e9s p\u00fablico, l\u00edder, visionaria, con calidad internacional, que supera las expectativas de los clientes.","og_url":"https:\/\/www.jasec.go.cr\/index.php\/ef-2022\/","og_site_name":"Jasec","article_modified_time":"2024-07-15T18:18:40+00:00","twitter_card":"summary_large_image","schema":{"@context":"https:\/\/schema.org","@graph":[{"@type":"WebPage","@id":"https:\/\/www.jasec.go.cr\/index.php\/ef-2022\/","url":"https:\/\/www.jasec.go.cr\/index.php\/ef-2022\/","name":"EF-2022 - Jasec","isPartOf":{"@id":"https:\/\/www.jasec.go.cr\/#website"},"datePublished":"2024-07-15T17:16:26+00:00","dateModified":"2024-07-15T18:18:40+00:00","description":"Una empresa corporativa de servicios de inter\u00e9s p\u00fablico, l\u00edder, visionaria, con calidad internacional, que supera las expectativas de los clientes.","breadcrumb":{"@id":"https:\/\/www.jasec.go.cr\/index.php\/ef-2022\/#breadcrumb"},"inLanguage":"es","potentialAction":[{"@type":"ReadAction","target":["https:\/\/www.jasec.go.cr\/index.php\/ef-2022\/"]}]},{"@type":"BreadcrumbList","@id":"https:\/\/www.jasec.go.cr\/index.php\/ef-2022\/#breadcrumb","itemListElement":[{"@type":"ListItem","position":1,"name":"Portada","item":"https:\/\/www.jasec.go.cr\/"},{"@type":"ListItem","position":2,"name":"EF-2022"}]},{"@type":"WebSite","@id":"https:\/\/www.jasec.go.cr\/#website","url":"https:\/\/www.jasec.go.cr\/","name":"Jasec","description":"Junta Administrativa del Servicio El\u00e9ctrico Municipal de Cartago","publisher":{"@id":"https:\/\/www.jasec.go.cr\/#organization"},"potentialAction":[{"@type":"SearchAction","target":{"@type":"EntryPoint","urlTemplate":"https:\/\/www.jasec.go.cr\/?s={search_term_string}"},"query-input":{"@type":"PropertyValueSpecification","valueRequired":true,"valueName":"search_term_string"}}],"inLanguage":"es"},{"@type":"Organization","@id":"https:\/\/www.jasec.go.cr\/#organization","name":"Jasec","url":"https:\/\/www.jasec.go.cr\/","logo":{"@type":"ImageObject","inLanguage":"es","@id":"https:\/\/www.jasec.go.cr\/#\/schema\/logo\/image\/","url":"https:\/\/www.jasec.go.cr\/wp-content\/uploads\/2018\/07\/logo.png","contentUrl":"https:\/\/www.jasec.go.cr\/wp-content\/uploads\/2018\/07\/logo.png","width":185,"height":67,"caption":"Jasec"},"image":{"@id":"https:\/\/www.jasec.go.cr\/#\/schema\/logo\/image\/"}}]}},"_links":{"self":[{"href":"https:\/\/www.jasec.go.cr\/index.php\/wp-json\/wp\/v2\/pages\/5535","targetHints":{"allow":["GET"]}}],"collection":[{"href":"https:\/\/www.jasec.go.cr\/index.php\/wp-json\/wp\/v2\/pages"}],"about":[{"href":"https:\/\/www.jasec.go.cr\/index.php\/wp-json\/wp\/v2\/types\/page"}],"author":[{"embeddable":true,"href":"https:\/\/www.jasec.go.cr\/index.php\/wp-json\/wp\/v2\/users\/35"}],"replies":[{"embeddable":true,"href":"https:\/\/www.jasec.go.cr\/index.php\/wp-json\/wp\/v2\/comments?post=5535"}],"version-history":[{"count":2,"href":"https:\/\/www.jasec.go.cr\/index.php\/wp-json\/wp\/v2\/pages\/5535\/revisions"}],"predecessor-version":[{"id":5559,"href":"https:\/\/www.jasec.go.cr\/index.php\/wp-json\/wp\/v2\/pages\/5535\/revisions\/5559"}],"wp:attachment":[{"href":"https:\/\/www.jasec.go.cr\/index.php\/wp-json\/wp\/v2\/media?parent=5535"}],"curies":[{"name":"wp","href":"https:\/\/api.w.org\/{rel}","templated":true}]}}