{"id":5393,"date":"2024-04-23T14:12:23","date_gmt":"2024-04-23T14:12:23","guid":{"rendered":"https:\/\/www.jasec.go.cr\/?page_id=5393"},"modified":"2024-04-23T14:12:23","modified_gmt":"2024-04-23T14:12:23","slug":"cambio-de-nombre-internet","status":"publish","type":"page","link":"https:\/\/www.jasec.go.cr\/index.php\/cambio-de-nombre-internet\/","title":{"rendered":"Cambio de nombre &#8211; Internet"},"content":{"rendered":"<p>Se realiza cuando el actual titular del servicio, autoriza que el contrato de internet pase a nombre de otra persona, ya sea f\u00edsica o jur\u00eddica.<\/p>\n<ul>\n<li>Se requiere siempre de la previa autorizaci\u00f3n por escrito<\/li>\n<li>Formulario de solicitud completo y firmado por ambas personas (actual titular, nuevo propietario).<\/li>\n<li>Presentar la c\u00e9dula de identidad. Si el servicio est\u00e1 a nombre de persona jur\u00eddica, debe presentar personer\u00eda jur\u00eddica vigente. (m\u00e1ximo un mes de emitida)<\/li>\n<li>El tr\u00e1mite se puede realizar en la Plataforma de Servicios en horario de lunes a viernes en Oficinas Centrales, de lunes a s\u00e1bado en Paseo Metr\u00f3poli o correo electr\u00f3nico <a href=\"mailto:postventa@jasec.go.cr\">postventa@jasec.go.cr<\/a><\/li>\n<\/ul>\n","protected":false},"excerpt":{"rendered":"<p>Se realiza cuando el actual titular del servicio, autoriza que el contrato de internet pase a nombre de otra persona, [&hellip;]<\/p>\n","protected":false},"author":35,"featured_media":0,"parent":0,"menu_order":0,"comment_status":"closed","ping_status":"closed","template":"","meta":{"footnotes":""},"class_list":["post-5393","page","type-page","status-publish","hentry"],"yoast_head":"<!-- This site is optimized with the Yoast SEO plugin v27.5 - https:\/\/yoast.com\/product\/yoast-seo-wordpress\/ -->\n<title>Cambio de nombre - Internet - Jasec<\/title>\n<meta name=\"description\" content=\"Una empresa corporativa de servicios de inter\u00e9s p\u00fablico, l\u00edder, visionaria, con calidad internacional, que supera las expectativas de los clientes.\" \/>\n<meta name=\"robots\" content=\"index, follow, max-snippet:-1, max-image-preview:large, max-video-preview:-1\" \/>\n<link rel=\"canonical\" href=\"https:\/\/www.jasec.go.cr\/index.php\/cambio-de-nombre-internet\/\" \/>\n<meta property=\"og:locale\" content=\"es_ES\" \/>\n<meta property=\"og:type\" content=\"article\" \/>\n<meta property=\"og:title\" content=\"Cambio de nombre - Internet - Jasec\" \/>\n<meta property=\"og:description\" content=\"Una empresa corporativa de servicios de inter\u00e9s p\u00fablico, l\u00edder, visionaria, con calidad internacional, que supera las expectativas de los clientes.\" \/>\n<meta property=\"og:url\" content=\"https:\/\/www.jasec.go.cr\/index.php\/cambio-de-nombre-internet\/\" \/>\n<meta property=\"og:site_name\" content=\"Jasec\" \/>\n<meta name=\"twitter:card\" content=\"summary_large_image\" \/>\n<meta name=\"twitter:label1\" content=\"Tiempo de lectura\" \/>\n\t<meta name=\"twitter:data1\" content=\"1 minuto\" \/>\n<script type=\"application\/ld+json\" class=\"yoast-schema-graph\">{\"@context\":\"https:\\\/\\\/schema.org\",\"@graph\":[{\"@type\":\"WebPage\",\"@id\":\"https:\\\/\\\/www.jasec.go.cr\\\/index.php\\\/cambio-de-nombre-internet\\\/\",\"url\":\"https:\\\/\\\/www.jasec.go.cr\\\/index.php\\\/cambio-de-nombre-internet\\\/\",\"name\":\"Cambio de nombre - Internet - Jasec\",\"isPartOf\":{\"@id\":\"https:\\\/\\\/www.jasec.go.cr\\\/#website\"},\"datePublished\":\"2024-04-23T14:12:23+00:00\",\"description\":\"Una empresa corporativa de servicios de inter\u00e9s p\u00fablico, l\u00edder, visionaria, con calidad internacional, que supera las expectativas de los clientes.\",\"breadcrumb\":{\"@id\":\"https:\\\/\\\/www.jasec.go.cr\\\/index.php\\\/cambio-de-nombre-internet\\\/#breadcrumb\"},\"inLanguage\":\"es\",\"potentialAction\":[{\"@type\":\"ReadAction\",\"target\":[\"https:\\\/\\\/www.jasec.go.cr\\\/index.php\\\/cambio-de-nombre-internet\\\/\"]}]},{\"@type\":\"BreadcrumbList\",\"@id\":\"https:\\\/\\\/www.jasec.go.cr\\\/index.php\\\/cambio-de-nombre-internet\\\/#breadcrumb\",\"itemListElement\":[{\"@type\":\"ListItem\",\"position\":1,\"name\":\"Portada\",\"item\":\"https:\\\/\\\/www.jasec.go.cr\\\/\"},{\"@type\":\"ListItem\",\"position\":2,\"name\":\"Cambio de nombre &#8211; Internet\"}]},{\"@type\":\"WebSite\",\"@id\":\"https:\\\/\\\/www.jasec.go.cr\\\/#website\",\"url\":\"https:\\\/\\\/www.jasec.go.cr\\\/\",\"name\":\"Jasec\",\"description\":\"Junta Administrativa del Servicio El\u00e9ctrico Municipal de Cartago\",\"publisher\":{\"@id\":\"https:\\\/\\\/www.jasec.go.cr\\\/#organization\"},\"potentialAction\":[{\"@type\":\"SearchAction\",\"target\":{\"@type\":\"EntryPoint\",\"urlTemplate\":\"https:\\\/\\\/www.jasec.go.cr\\\/?s={search_term_string}\"},\"query-input\":{\"@type\":\"PropertyValueSpecification\",\"valueRequired\":true,\"valueName\":\"search_term_string\"}}],\"inLanguage\":\"es\"},{\"@type\":\"Organization\",\"@id\":\"https:\\\/\\\/www.jasec.go.cr\\\/#organization\",\"name\":\"Jasec\",\"url\":\"https:\\\/\\\/www.jasec.go.cr\\\/\",\"logo\":{\"@type\":\"ImageObject\",\"inLanguage\":\"es\",\"@id\":\"https:\\\/\\\/www.jasec.go.cr\\\/#\\\/schema\\\/logo\\\/image\\\/\",\"url\":\"https:\\\/\\\/www.jasec.go.cr\\\/wp-content\\\/uploads\\\/2018\\\/07\\\/logo.png\",\"contentUrl\":\"https:\\\/\\\/www.jasec.go.cr\\\/wp-content\\\/uploads\\\/2018\\\/07\\\/logo.png\",\"width\":185,\"height\":67,\"caption\":\"Jasec\"},\"image\":{\"@id\":\"https:\\\/\\\/www.jasec.go.cr\\\/#\\\/schema\\\/logo\\\/image\\\/\"}}]}<\/script>\n<!-- \/ Yoast SEO plugin. -->","yoast_head_json":{"title":"Cambio de nombre - Internet - Jasec","description":"Una empresa corporativa de servicios de inter\u00e9s p\u00fablico, l\u00edder, visionaria, con calidad internacional, que supera las expectativas de los clientes.","robots":{"index":"index","follow":"follow","max-snippet":"max-snippet:-1","max-image-preview":"max-image-preview:large","max-video-preview":"max-video-preview:-1"},"canonical":"https:\/\/www.jasec.go.cr\/index.php\/cambio-de-nombre-internet\/","og_locale":"es_ES","og_type":"article","og_title":"Cambio de nombre - Internet - Jasec","og_description":"Una empresa corporativa de servicios de inter\u00e9s p\u00fablico, l\u00edder, visionaria, con calidad internacional, que supera las expectativas de los clientes.","og_url":"https:\/\/www.jasec.go.cr\/index.php\/cambio-de-nombre-internet\/","og_site_name":"Jasec","twitter_card":"summary_large_image","twitter_misc":{"Tiempo de lectura":"1 minuto"},"schema":{"@context":"https:\/\/schema.org","@graph":[{"@type":"WebPage","@id":"https:\/\/www.jasec.go.cr\/index.php\/cambio-de-nombre-internet\/","url":"https:\/\/www.jasec.go.cr\/index.php\/cambio-de-nombre-internet\/","name":"Cambio de nombre - Internet - Jasec","isPartOf":{"@id":"https:\/\/www.jasec.go.cr\/#website"},"datePublished":"2024-04-23T14:12:23+00:00","description":"Una empresa corporativa de servicios de inter\u00e9s p\u00fablico, l\u00edder, visionaria, con calidad internacional, que supera las expectativas de los clientes.","breadcrumb":{"@id":"https:\/\/www.jasec.go.cr\/index.php\/cambio-de-nombre-internet\/#breadcrumb"},"inLanguage":"es","potentialAction":[{"@type":"ReadAction","target":["https:\/\/www.jasec.go.cr\/index.php\/cambio-de-nombre-internet\/"]}]},{"@type":"BreadcrumbList","@id":"https:\/\/www.jasec.go.cr\/index.php\/cambio-de-nombre-internet\/#breadcrumb","itemListElement":[{"@type":"ListItem","position":1,"name":"Portada","item":"https:\/\/www.jasec.go.cr\/"},{"@type":"ListItem","position":2,"name":"Cambio de nombre &#8211; Internet"}]},{"@type":"WebSite","@id":"https:\/\/www.jasec.go.cr\/#website","url":"https:\/\/www.jasec.go.cr\/","name":"Jasec","description":"Junta Administrativa del Servicio El\u00e9ctrico Municipal de Cartago","publisher":{"@id":"https:\/\/www.jasec.go.cr\/#organization"},"potentialAction":[{"@type":"SearchAction","target":{"@type":"EntryPoint","urlTemplate":"https:\/\/www.jasec.go.cr\/?s={search_term_string}"},"query-input":{"@type":"PropertyValueSpecification","valueRequired":true,"valueName":"search_term_string"}}],"inLanguage":"es"},{"@type":"Organization","@id":"https:\/\/www.jasec.go.cr\/#organization","name":"Jasec","url":"https:\/\/www.jasec.go.cr\/","logo":{"@type":"ImageObject","inLanguage":"es","@id":"https:\/\/www.jasec.go.cr\/#\/schema\/logo\/image\/","url":"https:\/\/www.jasec.go.cr\/wp-content\/uploads\/2018\/07\/logo.png","contentUrl":"https:\/\/www.jasec.go.cr\/wp-content\/uploads\/2018\/07\/logo.png","width":185,"height":67,"caption":"Jasec"},"image":{"@id":"https:\/\/www.jasec.go.cr\/#\/schema\/logo\/image\/"}}]}},"_links":{"self":[{"href":"https:\/\/www.jasec.go.cr\/index.php\/wp-json\/wp\/v2\/pages\/5393","targetHints":{"allow":["GET"]}}],"collection":[{"href":"https:\/\/www.jasec.go.cr\/index.php\/wp-json\/wp\/v2\/pages"}],"about":[{"href":"https:\/\/www.jasec.go.cr\/index.php\/wp-json\/wp\/v2\/types\/page"}],"author":[{"embeddable":true,"href":"https:\/\/www.jasec.go.cr\/index.php\/wp-json\/wp\/v2\/users\/35"}],"replies":[{"embeddable":true,"href":"https:\/\/www.jasec.go.cr\/index.php\/wp-json\/wp\/v2\/comments?post=5393"}],"version-history":[{"count":1,"href":"https:\/\/www.jasec.go.cr\/index.php\/wp-json\/wp\/v2\/pages\/5393\/revisions"}],"predecessor-version":[{"id":5394,"href":"https:\/\/www.jasec.go.cr\/index.php\/wp-json\/wp\/v2\/pages\/5393\/revisions\/5394"}],"wp:attachment":[{"href":"https:\/\/www.jasec.go.cr\/index.php\/wp-json\/wp\/v2\/media?parent=5393"}],"curies":[{"name":"wp","href":"https:\/\/api.w.org\/{rel}","templated":true}]}}