{"id":5036,"date":"2023-06-29T17:10:14","date_gmt":"2023-06-29T17:10:14","guid":{"rendered":"https:\/\/www.jasec.go.cr\/?page_id=5036"},"modified":"2023-06-29T17:25:59","modified_gmt":"2023-06-29T17:25:59","slug":"filosofia-empresarial","status":"publish","type":"page","link":"https:\/\/www.jasec.go.cr\/index.php\/filosofia-empresarial\/","title":{"rendered":"Filosof\u00eda Empresarial"},"content":{"rendered":"<p style=\"text-align: center;\">Somos JASEC, la empresa cartaginesa de servicios p\u00fablicos, Energ\u00eda y Fibra \u00d3ptica al servicios de sus clientes, brindando calidad y desarrollo a su zona servida.<\/p>\n<p style=\"text-align: center;\"><span style=\"color: #99cc00;\"><strong>MISI\u00d3N<\/strong><\/span><\/p>\n<p style=\"text-align: center;\">Contribuir al progreso de la zona servida, mediante la prestaci\u00f3n eficiente de servicios p\u00fablicos de calidad, con los m\u00e1s altos principios \u00e9ticos que impulsan el desarrollo sostenible y la Responsabilidad Social.<\/p>\n<p style=\"text-align: center;\"><span style=\"color: #99cc00;\"><strong>VISI\u00d3N<\/strong><\/span><\/p>\n<p style=\"text-align: center;\">Ser una empresa que garantice a sus clientes calidad y continuidad en los servicios que presta, por medio de su sostenibilidad financiera y operativa, como un agente innovador y competitivo en el mercado el\u00e9ctrico y de Infocomunicaciones.<\/p>\n","protected":false},"excerpt":{"rendered":"<p>Somos JASEC, la empresa cartaginesa de servicios p\u00fablicos, Energ\u00eda y Fibra \u00d3ptica al servicios de sus clientes, brindando calidad y [&hellip;]<\/p>\n","protected":false},"author":4,"featured_media":0,"parent":0,"menu_order":0,"comment_status":"closed","ping_status":"closed","template":"","meta":{"footnotes":""},"class_list":["post-5036","page","type-page","status-publish","hentry"],"yoast_head":"<!-- This site is optimized with the Yoast SEO plugin v27.3 - https:\/\/yoast.com\/product\/yoast-seo-wordpress\/ -->\n<title>Filosof\u00eda Empresarial - Jasec<\/title>\n<meta name=\"description\" content=\"JASEC empresa cartaginesa de servicios p\u00fablicos - Energ\u00eda y Fibra \u00d3ptica al servicios de sus clientes, brindando calidad y desarrollo a su zona servida.\" \/>\n<meta name=\"robots\" content=\"index, follow, max-snippet:-1, max-image-preview:large, max-video-preview:-1\" \/>\n<link rel=\"canonical\" href=\"https:\/\/www.jasec.go.cr\/index.php\/filosofia-empresarial\/\" \/>\n<meta property=\"og:locale\" content=\"es_ES\" \/>\n<meta property=\"og:type\" content=\"article\" \/>\n<meta property=\"og:title\" content=\"Filosof\u00eda Empresarial - Jasec\" \/>\n<meta property=\"og:description\" content=\"JASEC empresa cartaginesa de servicios p\u00fablicos - Energ\u00eda y Fibra \u00d3ptica al servicios de sus clientes, brindando calidad y desarrollo a su zona servida.\" \/>\n<meta property=\"og:url\" content=\"https:\/\/www.jasec.go.cr\/index.php\/filosofia-empresarial\/\" \/>\n<meta property=\"og:site_name\" content=\"Jasec\" \/>\n<meta property=\"article:modified_time\" content=\"2023-06-29T17:25:59+00:00\" \/>\n<meta name=\"twitter:card\" content=\"summary_large_image\" \/>\n<meta name=\"twitter:label1\" content=\"Tiempo de lectura\" \/>\n\t<meta name=\"twitter:data1\" content=\"1 minuto\" \/>\n<script type=\"application\/ld+json\" class=\"yoast-schema-graph\">{\"@context\":\"https:\\\/\\\/schema.org\",\"@graph\":[{\"@type\":\"WebPage\",\"@id\":\"https:\\\/\\\/www.jasec.go.cr\\\/index.php\\\/filosofia-empresarial\\\/\",\"url\":\"https:\\\/\\\/www.jasec.go.cr\\\/index.php\\\/filosofia-empresarial\\\/\",\"name\":\"Filosof\u00eda Empresarial - Jasec\",\"isPartOf\":{\"@id\":\"https:\\\/\\\/www.jasec.go.cr\\\/#website\"},\"datePublished\":\"2023-06-29T17:10:14+00:00\",\"dateModified\":\"2023-06-29T17:25:59+00:00\",\"description\":\"JASEC empresa cartaginesa de servicios p\u00fablicos - Energ\u00eda y Fibra \u00d3ptica al servicios de sus clientes, brindando calidad y desarrollo a su zona servida.\",\"breadcrumb\":{\"@id\":\"https:\\\/\\\/www.jasec.go.cr\\\/index.php\\\/filosofia-empresarial\\\/#breadcrumb\"},\"inLanguage\":\"es\",\"potentialAction\":[{\"@type\":\"ReadAction\",\"target\":[\"https:\\\/\\\/www.jasec.go.cr\\\/index.php\\\/filosofia-empresarial\\\/\"]}]},{\"@type\":\"BreadcrumbList\",\"@id\":\"https:\\\/\\\/www.jasec.go.cr\\\/index.php\\\/filosofia-empresarial\\\/#breadcrumb\",\"itemListElement\":[{\"@type\":\"ListItem\",\"position\":1,\"name\":\"Portada\",\"item\":\"https:\\\/\\\/www.jasec.go.cr\\\/\"},{\"@type\":\"ListItem\",\"position\":2,\"name\":\"Filosof\u00eda Empresarial\"}]},{\"@type\":\"WebSite\",\"@id\":\"https:\\\/\\\/www.jasec.go.cr\\\/#website\",\"url\":\"https:\\\/\\\/www.jasec.go.cr\\\/\",\"name\":\"Jasec\",\"description\":\"Junta Administrativa del Servicio El\u00e9ctrico Municipal de Cartago\",\"publisher\":{\"@id\":\"https:\\\/\\\/www.jasec.go.cr\\\/#organization\"},\"potentialAction\":[{\"@type\":\"SearchAction\",\"target\":{\"@type\":\"EntryPoint\",\"urlTemplate\":\"https:\\\/\\\/www.jasec.go.cr\\\/?s={search_term_string}\"},\"query-input\":{\"@type\":\"PropertyValueSpecification\",\"valueRequired\":true,\"valueName\":\"search_term_string\"}}],\"inLanguage\":\"es\"},{\"@type\":\"Organization\",\"@id\":\"https:\\\/\\\/www.jasec.go.cr\\\/#organization\",\"name\":\"Jasec\",\"url\":\"https:\\\/\\\/www.jasec.go.cr\\\/\",\"logo\":{\"@type\":\"ImageObject\",\"inLanguage\":\"es\",\"@id\":\"https:\\\/\\\/www.jasec.go.cr\\\/#\\\/schema\\\/logo\\\/image\\\/\",\"url\":\"https:\\\/\\\/www.jasec.go.cr\\\/wp-content\\\/uploads\\\/2018\\\/07\\\/logo.png\",\"contentUrl\":\"https:\\\/\\\/www.jasec.go.cr\\\/wp-content\\\/uploads\\\/2018\\\/07\\\/logo.png\",\"width\":185,\"height\":67,\"caption\":\"Jasec\"},\"image\":{\"@id\":\"https:\\\/\\\/www.jasec.go.cr\\\/#\\\/schema\\\/logo\\\/image\\\/\"}}]}<\/script>\n<!-- \/ Yoast SEO plugin. -->","yoast_head_json":{"title":"Filosof\u00eda Empresarial - Jasec","description":"JASEC empresa cartaginesa de servicios p\u00fablicos - Energ\u00eda y Fibra \u00d3ptica al servicios de sus clientes, brindando calidad y desarrollo a su zona servida.","robots":{"index":"index","follow":"follow","max-snippet":"max-snippet:-1","max-image-preview":"max-image-preview:large","max-video-preview":"max-video-preview:-1"},"canonical":"https:\/\/www.jasec.go.cr\/index.php\/filosofia-empresarial\/","og_locale":"es_ES","og_type":"article","og_title":"Filosof\u00eda Empresarial - Jasec","og_description":"JASEC empresa cartaginesa de servicios p\u00fablicos - Energ\u00eda y Fibra \u00d3ptica al servicios de sus clientes, brindando calidad y desarrollo a su zona servida.","og_url":"https:\/\/www.jasec.go.cr\/index.php\/filosofia-empresarial\/","og_site_name":"Jasec","article_modified_time":"2023-06-29T17:25:59+00:00","twitter_card":"summary_large_image","twitter_misc":{"Tiempo de lectura":"1 minuto"},"schema":{"@context":"https:\/\/schema.org","@graph":[{"@type":"WebPage","@id":"https:\/\/www.jasec.go.cr\/index.php\/filosofia-empresarial\/","url":"https:\/\/www.jasec.go.cr\/index.php\/filosofia-empresarial\/","name":"Filosof\u00eda Empresarial - Jasec","isPartOf":{"@id":"https:\/\/www.jasec.go.cr\/#website"},"datePublished":"2023-06-29T17:10:14+00:00","dateModified":"2023-06-29T17:25:59+00:00","description":"JASEC empresa cartaginesa de servicios p\u00fablicos - Energ\u00eda y Fibra \u00d3ptica al servicios de sus clientes, brindando calidad y desarrollo a su zona servida.","breadcrumb":{"@id":"https:\/\/www.jasec.go.cr\/index.php\/filosofia-empresarial\/#breadcrumb"},"inLanguage":"es","potentialAction":[{"@type":"ReadAction","target":["https:\/\/www.jasec.go.cr\/index.php\/filosofia-empresarial\/"]}]},{"@type":"BreadcrumbList","@id":"https:\/\/www.jasec.go.cr\/index.php\/filosofia-empresarial\/#breadcrumb","itemListElement":[{"@type":"ListItem","position":1,"name":"Portada","item":"https:\/\/www.jasec.go.cr\/"},{"@type":"ListItem","position":2,"name":"Filosof\u00eda Empresarial"}]},{"@type":"WebSite","@id":"https:\/\/www.jasec.go.cr\/#website","url":"https:\/\/www.jasec.go.cr\/","name":"Jasec","description":"Junta Administrativa del Servicio El\u00e9ctrico Municipal de Cartago","publisher":{"@id":"https:\/\/www.jasec.go.cr\/#organization"},"potentialAction":[{"@type":"SearchAction","target":{"@type":"EntryPoint","urlTemplate":"https:\/\/www.jasec.go.cr\/?s={search_term_string}"},"query-input":{"@type":"PropertyValueSpecification","valueRequired":true,"valueName":"search_term_string"}}],"inLanguage":"es"},{"@type":"Organization","@id":"https:\/\/www.jasec.go.cr\/#organization","name":"Jasec","url":"https:\/\/www.jasec.go.cr\/","logo":{"@type":"ImageObject","inLanguage":"es","@id":"https:\/\/www.jasec.go.cr\/#\/schema\/logo\/image\/","url":"https:\/\/www.jasec.go.cr\/wp-content\/uploads\/2018\/07\/logo.png","contentUrl":"https:\/\/www.jasec.go.cr\/wp-content\/uploads\/2018\/07\/logo.png","width":185,"height":67,"caption":"Jasec"},"image":{"@id":"https:\/\/www.jasec.go.cr\/#\/schema\/logo\/image\/"}}]}},"_links":{"self":[{"href":"https:\/\/www.jasec.go.cr\/index.php\/wp-json\/wp\/v2\/pages\/5036","targetHints":{"allow":["GET"]}}],"collection":[{"href":"https:\/\/www.jasec.go.cr\/index.php\/wp-json\/wp\/v2\/pages"}],"about":[{"href":"https:\/\/www.jasec.go.cr\/index.php\/wp-json\/wp\/v2\/types\/page"}],"author":[{"embeddable":true,"href":"https:\/\/www.jasec.go.cr\/index.php\/wp-json\/wp\/v2\/users\/4"}],"replies":[{"embeddable":true,"href":"https:\/\/www.jasec.go.cr\/index.php\/wp-json\/wp\/v2\/comments?post=5036"}],"version-history":[{"count":3,"href":"https:\/\/www.jasec.go.cr\/index.php\/wp-json\/wp\/v2\/pages\/5036\/revisions"}],"predecessor-version":[{"id":5042,"href":"https:\/\/www.jasec.go.cr\/index.php\/wp-json\/wp\/v2\/pages\/5036\/revisions\/5042"}],"wp:attachment":[{"href":"https:\/\/www.jasec.go.cr\/index.php\/wp-json\/wp\/v2\/media?parent=5036"}],"curies":[{"name":"wp","href":"https:\/\/api.w.org\/{rel}","templated":true}]}}