{"id":17,"date":"2018-06-14T11:19:19","date_gmt":"2018-06-14T11:19:19","guid":{"rendered":"http:\/\/servidor-de-pruebas.com\/jasec\/?page_id=17"},"modified":"2019-02-26T11:57:42","modified_gmt":"2019-02-26T17:57:42","slug":"blog","status":"publish","type":"page","link":"https:\/\/www.jasec.go.cr\/index.php\/blog\/","title":{"rendered":"Sala de Prensa"},"content":{"rendered":"<p><div class=\"fusion-fullwidth fullwidth-box fusion-builder-row-1 fusion-parallax-none nonhundred-percent-fullwidth non-hundred-percent-height-scrolling lazyload\" style=\"background-color: rgba(255,255,255,0);background-position: center top;background-repeat: no-repeat;padding-top:8%;padding-right:0px;padding-bottom:10%;padding-left:0px;margin-bottom: 0px;margin-top: 0px;border-width: 0px 0px 0px 0px;border-color:#e5e5e5;border-style:solid;-webkit-background-size:cover;-moz-background-size:cover;-o-background-size:cover;background-size:cover;\" data-bg=\"http:\/\/servidor-de-pruebas.com\/jasec\/wp-content\/uploads\/2018\/06\/avada-movers-blog-header-background.jpg\" ><div class=\"fusion-builder-row fusion-row\"><div class=\"fusion-layout-column fusion_builder_column fusion-builder-column-0 fusion_builder_column_1_1 1_1 fusion-one-full fusion-column-first fusion-column-last fusion-animated\" style=\"margin-top:0px;margin-bottom:16px;\" data-animationType=\"fadeInDown\" data-animationDuration=\"0.6\" data-animationOffset=\"100%\"><div class=\"fusion-column-wrapper fusion-flex-column-wrapper-legacy\" style=\"background-position:left top;background-repeat:no-repeat;-webkit-background-size:cover;-moz-background-size:cover;-o-background-size:cover;background-size:cover;padding: 0px 0px 0px 0px;\"><style type=\"text\/css\"><\/style><div class=\"fusion-title title fusion-title-1 fusion-sep-none fusion-title-center fusion-title-text fusion-title-size-one\" style=\"margin-top:0px;margin-bottom:0px;\"><h1 class=\"title-heading-center\" style=\"margin:0;\"><p style=\"text-align: center;\">Sala de prensa<\/p><\/h1><\/div><style type=\"text\/css\"><\/style><div class=\"fusion-title title fusion-title-2 fusion-sep-none fusion-title-center fusion-title-text fusion-title-size-six\" style=\"margin-top:0px;margin-bottom:15px;\"><h6 class=\"title-heading-center\" style=\"margin:0;\"><p style=\"text-align: center;\"><span style=\"color: #777777;\">Ent\u00e9rate de todo lo nuevo&#8230;<\/span><\/p><\/h6><\/div><div class=\"fusion-clearfix\"><\/div><\/div><\/div><\/div><\/div><div class=\"fusion-fullwidth fullwidth-box fusion-builder-row-2 nonhundred-percent-fullwidth non-hundred-percent-height-scrolling\" style=\"background-color: rgba(255,255,255,0);background-position: center center;background-repeat: no-repeat;padding-top:6%;padding-right:0px;padding-bottom:7%;padding-left:0px;margin-bottom: 0px;margin-top: 0px;border-width: 0px 0px 0px 0px;border-color:#e5e5e5;border-style:solid;\" ><div class=\"fusion-builder-row fusion-row\"><div class=\"fusion-layout-column fusion_builder_column fusion-builder-column-1 fusion_builder_column_1_1 1_1 fusion-one-full fusion-column-first fusion-column-last fusion-animated\" style=\"margin-top:40px;margin-bottom:30px;\" data-animationType=\"fadeInUp\" data-animationDuration=\"0.6\" data-animationOffset=\"100%\"><div class=\"fusion-column-wrapper fusion-flex-column-wrapper-legacy\" style=\"background-position:left top;background-repeat:no-repeat;-webkit-background-size:cover;-moz-background-size:cover;-o-background-size:cover;background-size:cover;padding: 0px 0px 0px 0px;\"><div class=\"fusion-blog-shortcode fusion-blog-shortcode-1 fusion-blog-archive fusion-blog-layout-grid-wrapper fusion-blog-pagination fusion-blog-layout-center\"><style type=\"text\/css\">.fusion-blog-shortcode-1 .fusion-blog-layout-grid .fusion-post-grid{padding:20px;}.fusion-blog-shortcode-1 .fusion-posts-container{margin-left: -20px !important; margin-right:-20px !important;}<\/style><div class=\"fusion-posts-container fusion-posts-container-pagination fusion-blog-rollover fusion-blog-layout-grid fusion-blog-layout-grid-3 isotope fusion-blog-equal-heights\" data-pages=\"2\" data-grid-col-space=\"40\" style=\"margin: -20px -20px 0;min-height:500px;\"><article id=\"blog-1-post-5255\" class=\"fusion-post-grid post-5255 post type-post status-publish format-standard hentry category-zona-prensa-jasec\">\n<div class=\"fusion-post-wrapper\" style=\"background-color:rgba(255,255,255,0);border:1px solid #e5e5e5;border-bottom-width:3px;\">\n\n<div class=\"fusion-post-content-wrapper\" style=\"padding:30px 25px 20px 25px;\"><div class=\"fusion-post-content post-content\"><h2 class=\"blog-shortcode-post-title entry-title\"><a href=\"https:\/\/www.jasec.go.cr\/index.php\/jasec-ya-ofrece-servicios-de-red-de-banda-ancha-ultra-veloz-2\/\">Rebajo del 7% en tarifas de electricidad de octubre a diciembre 2023<\/a><\/h2><p class=\"fusion-single-line-meta\">Por <span class=\"vcard\"><span class=\"fn\"><a href=\"https:\/\/www.jasec.go.cr\/index.php\/author\/informatica\/\" title=\"Entradas de Inform\u00e1tica JASEC\" rel=\"author\">Inform\u00e1tica JASEC<\/a><\/span><\/span><span class=\"fusion-inline-sep\">|<\/span><span class=\"updated\" style=\"display:none;\">2023-10-05T16:41:09+00:00<\/span><span>octubre 5th, 2023<\/span><span class=\"fusion-inline-sep\">|<\/span><\/p><div class=\"fusion-content-sep sep-single sep-solid\" style=\"border-color:#e5e5e5;\"><\/div><div class=\"fusion-post-content-container\"><p>Suspensi\u00f3n de CVG reducir\u00e1 tarifas el\u00e9ctricas del pa\u00eds. A partir de octubre y hasta diciembre 2023 las tarifas el\u00e9ctricas disminuir\u00e1n<\/p><\/div><\/div><div class=\"fusion-meta-info\"><div class=\"fusion-aligncenter\"><span>Comentarios desactivados<span class=\"screen-reader-text\"> en Rebajo del 7% en tarifas de electricidad de octubre a diciembre 2023<\/span><\/span><\/div><\/div><\/div><div class=\"fusion-clearfix\"><\/div><\/div>\n<\/article>\n<article id=\"blog-1-post-1340\" class=\"fusion-post-grid post-1340 post type-post status-publish format-standard hentry category-zona-prensa-jasec\">\n<div class=\"fusion-post-wrapper\" style=\"background-color:rgba(255,255,255,0);border:1px solid #e5e5e5;border-bottom-width:3px;\">\n\n<div class=\"fusion-post-content-wrapper\" style=\"padding:30px 25px 20px 25px;\"><div class=\"fusion-post-content post-content\"><h2 class=\"blog-shortcode-post-title entry-title\"><a href=\"https:\/\/www.jasec.go.cr\/index.php\/jasec-ya-ofrece-servicios-de-red-de-banda-ancha-ultra-veloz\/\">JASEC ya ofrece servicios de red de banda ancha ultra veloz.<\/a><\/h2><p class=\"fusion-single-line-meta\">Por <span class=\"vcard\"><span class=\"fn\"><a href=\"https:\/\/www.jasec.go.cr\/index.php\/author\/informatica\/\" title=\"Entradas de Inform\u00e1tica JASEC\" rel=\"author\">Inform\u00e1tica JASEC<\/a><\/span><\/span><span class=\"fusion-inline-sep\">|<\/span><span class=\"updated\" style=\"display:none;\">2023-10-05T16:27:31+00:00<\/span><span>octubre 8th, 2018<\/span><span class=\"fusion-inline-sep\">|<\/span><\/p><div class=\"fusion-content-sep sep-single sep-solid\" style=\"border-color:#e5e5e5;\"><\/div><div class=\"fusion-post-content-container\"><p>En nuestra Plataforma de Servicios usted puede adquirir el servicio de Internet \u00a0 Dagoberto Quir\u00f3s Navarro Periodista Relaciones P\u00fablicas \u00a0<\/p><\/div><\/div><div class=\"fusion-meta-info\"><div class=\"fusion-aligncenter\"><span>Comentarios desactivados<span class=\"screen-reader-text\"> en JASEC ya ofrece servicios de red de banda ancha ultra veloz.<\/span><\/span><\/div><\/div><\/div><div class=\"fusion-clearfix\"><\/div><\/div>\n<\/article>\n<article id=\"blog-1-post-1323\" class=\"fusion-post-grid post-1323 post type-post status-publish format-standard hentry category-zona-prensa-jasec\">\n<div class=\"fusion-post-wrapper\" style=\"background-color:rgba(255,255,255,0);border:1px solid #e5e5e5;border-bottom-width:3px;\">\n\n<div class=\"fusion-post-content-wrapper\" style=\"padding:30px 25px 20px 25px;\"><div class=\"fusion-post-content post-content\"><h2 class=\"blog-shortcode-post-title entry-title\"><a href=\"https:\/\/www.jasec.go.cr\/index.php\/linea-aerea-compacta-en-coris\/\">L\u00ednea a\u00e9rea compacta en Coris<\/a><\/h2><p class=\"fusion-single-line-meta\">Por <span class=\"vcard\"><span class=\"fn\"><a href=\"https:\/\/www.jasec.go.cr\/index.php\/author\/informatica\/\" title=\"Entradas de Inform\u00e1tica JASEC\" rel=\"author\">Inform\u00e1tica JASEC<\/a><\/span><\/span><span class=\"fusion-inline-sep\">|<\/span><span class=\"updated\" style=\"display:none;\">2018-10-08T10:12:35+00:00<\/span><span>octubre 8th, 2018<\/span><span class=\"fusion-inline-sep\">|<\/span><\/p><div class=\"fusion-content-sep sep-single sep-solid\" style=\"border-color:#e5e5e5;\"><\/div><div class=\"fusion-post-content-container\"><p>Clientes industriales reciben beneficio La nueva obra de JASEC ya es una realidad Dagoberto Quir\u00f3s Navarro Vocero de Prensa Los<\/p><\/div><\/div><div class=\"fusion-meta-info\"><div class=\"fusion-aligncenter\"><span>Comentarios desactivados<span class=\"screen-reader-text\"> en L\u00ednea a\u00e9rea compacta en Coris<\/span><\/span><\/div><\/div><\/div><div class=\"fusion-clearfix\"><\/div><\/div>\n<\/article>\n<article id=\"blog-1-post-1320\" class=\"fusion-post-grid post-1320 post type-post status-publish format-standard hentry category-zona-prensa-jasec\">\n<div class=\"fusion-post-wrapper\" style=\"background-color:rgba(255,255,255,0);border:1px solid #e5e5e5;border-bottom-width:3px;\">\n\n<div class=\"fusion-post-content-wrapper\" style=\"padding:30px 25px 20px 25px;\"><div class=\"fusion-post-content post-content\"><h2 class=\"blog-shortcode-post-title entry-title\"><a href=\"https:\/\/www.jasec.go.cr\/index.php\/mas-iluminacion-led\/\">\u00a1M\u00e1s iluminaci\u00f3n LED!<\/a><\/h2><p class=\"fusion-single-line-meta\">Por <span class=\"vcard\"><span class=\"fn\"><a href=\"https:\/\/www.jasec.go.cr\/index.php\/author\/informatica\/\" title=\"Entradas de Inform\u00e1tica JASEC\" rel=\"author\">Inform\u00e1tica JASEC<\/a><\/span><\/span><span class=\"fusion-inline-sep\">|<\/span><span class=\"updated\" style=\"display:none;\">2018-10-08T10:05:09+00:00<\/span><span>octubre 8th, 2018<\/span><span class=\"fusion-inline-sep\">|<\/span><\/p><div class=\"fusion-content-sep sep-single sep-solid\" style=\"border-color:#e5e5e5;\"><\/div><div class=\"fusion-post-content-container\"><p>Desde el mes de mayo del presente a\u00f1o, JASEC inici\u00f3 la iluminaci\u00f3n LED del trayecto Salesianos-Tejar y otros sectores \u00a0<\/p><\/div><\/div><div class=\"fusion-meta-info\"><div class=\"fusion-aligncenter\"><span>Comentarios desactivados<span class=\"screen-reader-text\"> en \u00a1M\u00e1s iluminaci\u00f3n LED!<\/span><\/span><\/div><\/div><\/div><div class=\"fusion-clearfix\"><\/div><\/div>\n<\/article>\n<article id=\"blog-1-post-1315\" class=\"fusion-post-grid post-1315 post type-post status-publish format-standard hentry category-zona-prensa-jasec\">\n<div class=\"fusion-post-wrapper\" style=\"background-color:rgba(255,255,255,0);border:1px solid #e5e5e5;border-bottom-width:3px;\">\n\n<div class=\"fusion-post-content-wrapper\" style=\"padding:30px 25px 20px 25px;\"><div class=\"fusion-post-content post-content\"><h2 class=\"blog-shortcode-post-title entry-title\"><a href=\"https:\/\/www.jasec.go.cr\/index.php\/operadores-podran-ofrecer-mejores-servicios-de-telecomunicaciones-en-cartago\/\">Operadores podr\u00e1n ofrecer mejores servicios de telecomunicaciones en Cartago<\/a><\/h2><p class=\"fusion-single-line-meta\">Por <span class=\"vcard\"><span class=\"fn\"><a href=\"https:\/\/www.jasec.go.cr\/index.php\/author\/informatica\/\" title=\"Entradas de Inform\u00e1tica JASEC\" rel=\"author\">Inform\u00e1tica JASEC<\/a><\/span><\/span><span class=\"fusion-inline-sep\">|<\/span><span class=\"updated\" style=\"display:none;\">2018-10-08T10:04:39+00:00<\/span><span>octubre 8th, 2018<\/span><span class=\"fusion-inline-sep\">|<\/span><\/p><div class=\"fusion-content-sep sep-single sep-solid\" style=\"border-color:#e5e5e5;\"><\/div><div class=\"fusion-post-content-container\"><p>JASEC desarroll\u00f3 la primera y m\u00e1s novedosa Red de Fibra \u00d3ptica FTTH GPON en el pa\u00eds \u00a0 Red permite la<\/p><\/div><\/div><div class=\"fusion-meta-info\"><div class=\"fusion-aligncenter\"><span>Comentarios desactivados<span class=\"screen-reader-text\"> en Operadores podr\u00e1n ofrecer mejores servicios de telecomunicaciones en Cartago<\/span><\/span><\/div><\/div><\/div><div class=\"fusion-clearfix\"><\/div><\/div>\n<\/article>\n<article id=\"blog-1-post-1313\" class=\"fusion-post-grid post-1313 post type-post status-publish format-standard hentry category-zona-prensa-jasec\">\n<div class=\"fusion-post-wrapper\" style=\"background-color:rgba(255,255,255,0);border:1px solid #e5e5e5;border-bottom-width:3px;\">\n\n<div class=\"fusion-post-content-wrapper\" style=\"padding:30px 25px 20px 25px;\"><div class=\"fusion-post-content post-content\"><h2 class=\"blog-shortcode-post-title entry-title\"><a href=\"https:\/\/www.jasec.go.cr\/index.php\/convenio-une-lazos-de-cooperacion\/\">Convenio une lazos de cooperaci\u00f3n<\/a><\/h2><p class=\"fusion-single-line-meta\">Por <span class=\"vcard\"><span class=\"fn\"><a href=\"https:\/\/www.jasec.go.cr\/index.php\/author\/informatica\/\" title=\"Entradas de Inform\u00e1tica JASEC\" rel=\"author\">Inform\u00e1tica JASEC<\/a><\/span><\/span><span class=\"fusion-inline-sep\">|<\/span><span class=\"updated\" style=\"display:none;\">2018-10-08T10:03:56+00:00<\/span><span>octubre 8th, 2018<\/span><span class=\"fusion-inline-sep\">|<\/span><\/p><div class=\"fusion-content-sep sep-single sep-solid\" style=\"border-color:#e5e5e5;\"><\/div><div class=\"fusion-post-content-container\"><p>La Junta Administrativa del Servicio El\u00e9ctrico Municipal de Cartago, JASEC, y el Colegio Universitario de Cartago, CUC, firmaron este mi\u00e9rcoles<\/p><\/div><\/div><div class=\"fusion-meta-info\"><div class=\"fusion-aligncenter\"><span>Comentarios desactivados<span class=\"screen-reader-text\"> en Convenio une lazos de cooperaci\u00f3n<\/span><\/span><\/div><\/div><\/div><div class=\"fusion-clearfix\"><\/div><\/div>\n<\/article>\n<div class=\"fusion-clearfix\"><\/div><\/div><div class=\"pagination clearfix\"><span class=\"current\">1<\/span><a href=\"https:\/\/www.jasec.go.cr\/index.php\/wp-json\/wp\/v2\/pages\/17\/page\/2\/\" class=\"inactive\">2<\/a><a class=\"pagination-next\" rel=\"next\" href=\"https:\/\/www.jasec.go.cr\/index.php\/wp-json\/wp\/v2\/pages\/17\/page\/2\/\"><span class=\"page-text\">Siguiente<\/span><span class=\"page-next\"><\/span><\/a><\/div><div class=\"fusion-clearfix\"><\/div><\/div><div class=\"fusion-clearfix\"><\/div><\/div><\/div><\/div><\/div><div class=\"fusion-fullwidth fullwidth-box fusion-builder-row-3 fusion-parallax-none hundred-percent-fullwidth hundred-percent-height hundred-percent-height-center-content non-hundred-percent-height-scrolling lazyload\" style=\"background-color: rgba(255,255,255,0);background-position: center center;background-repeat: no-repeat;padding-top:0px;padding-right:0px;padding-bottom:0px;padding-left:0px;margin-bottom: 0px;margin-top: 0px;border-width: 0px 0px 0px 0px;border-color:#e5e5e5;border-style:solid;-webkit-background-size:cover;-moz-background-size:cover;-o-background-size:cover;background-size:cover;\" data-bg=\"https:\/\/servidor-de-pruebas.com\/jasec\/wp-content\/uploads\/2018\/08\/banner02.jpg\" ><div class=\"fusion-fullwidth-center-content\"><div class=\"fusion-builder-row fusion-row\"><div class=\"fusion-layout-column fusion_builder_column fusion-builder-column-2 fusion_builder_column_1_1 1_1 fusion-one-full fusion-column-first fusion-column-last\" style=\"margin-top:0px;margin-bottom:20px;\"><div class=\"fusion-column-wrapper fusion-flex-column-wrapper-legacy\" style=\"background-position:left top;background-repeat:no-repeat;-webkit-background-size:cover;-moz-background-size:cover;-o-background-size:cover;background-size:cover;padding: 0px 0px 0px 0px;\"><div class=\"fusion-clearfix\"><\/div><\/div><\/div><\/div><\/div><\/div><\/p>\n","protected":false},"excerpt":{"rendered":"","protected":false},"author":1,"featured_media":0,"parent":0,"menu_order":0,"comment_status":"closed","ping_status":"closed","template":"100-width.php","meta":{"footnotes":""},"class_list":["post-17","page","type-page","status-publish","hentry"],"yoast_head":"<!-- This site is optimized with the Yoast SEO plugin v27.6 - https:\/\/yoast.com\/product\/yoast-seo-wordpress\/ -->\n<title>Sala de Prensa - Jasec<\/title>\n<meta name=\"description\" content=\"Una empresa corporativa de servicios de inter\u00e9s p\u00fablico, l\u00edder, visionaria, con calidad internacional, que supera las expectativas de los clientes.\" \/>\n<meta name=\"robots\" content=\"index, follow, max-snippet:-1, max-image-preview:large, max-video-preview:-1\" \/>\n<link rel=\"canonical\" href=\"https:\/\/www.jasec.go.cr\/index.php\/blog\/\" \/>\n<meta property=\"og:locale\" content=\"es_ES\" \/>\n<meta property=\"og:type\" content=\"article\" \/>\n<meta property=\"og:title\" content=\"Sala de Prensa - Jasec\" \/>\n<meta property=\"og:description\" content=\"Una empresa corporativa de servicios de inter\u00e9s p\u00fablico, l\u00edder, visionaria, con calidad internacional, que supera las expectativas de los clientes.\" \/>\n<meta property=\"og:url\" content=\"https:\/\/www.jasec.go.cr\/index.php\/blog\/\" \/>\n<meta property=\"og:site_name\" content=\"Jasec\" \/>\n<meta property=\"article:modified_time\" content=\"2019-02-26T17:57:42+00:00\" \/>\n<meta name=\"twitter:card\" content=\"summary_large_image\" \/>\n<meta name=\"twitter:label1\" content=\"Tiempo de lectura\" \/>\n\t<meta name=\"twitter:data1\" content=\"2 minutos\" \/>\n<script type=\"application\/ld+json\" class=\"yoast-schema-graph\">{\"@context\":\"https:\\\/\\\/schema.org\",\"@graph\":[{\"@type\":\"WebPage\",\"@id\":\"https:\\\/\\\/www.jasec.go.cr\\\/index.php\\\/blog\\\/\",\"url\":\"https:\\\/\\\/www.jasec.go.cr\\\/index.php\\\/blog\\\/\",\"name\":\"Sala de Prensa - Jasec\",\"isPartOf\":{\"@id\":\"https:\\\/\\\/www.jasec.go.cr\\\/#website\"},\"datePublished\":\"2018-06-14T11:19:19+00:00\",\"dateModified\":\"2019-02-26T17:57:42+00:00\",\"description\":\"Una empresa corporativa de servicios de inter\u00e9s p\u00fablico, l\u00edder, visionaria, con calidad internacional, que supera las expectativas de los clientes.\",\"breadcrumb\":{\"@id\":\"https:\\\/\\\/www.jasec.go.cr\\\/index.php\\\/blog\\\/#breadcrumb\"},\"inLanguage\":\"es\",\"potentialAction\":[{\"@type\":\"ReadAction\",\"target\":[\"https:\\\/\\\/www.jasec.go.cr\\\/index.php\\\/blog\\\/\"]}]},{\"@type\":\"BreadcrumbList\",\"@id\":\"https:\\\/\\\/www.jasec.go.cr\\\/index.php\\\/blog\\\/#breadcrumb\",\"itemListElement\":[{\"@type\":\"ListItem\",\"position\":1,\"name\":\"Portada\",\"item\":\"https:\\\/\\\/www.jasec.go.cr\\\/\"},{\"@type\":\"ListItem\",\"position\":2,\"name\":\"Sala de Prensa\"}]},{\"@type\":\"WebSite\",\"@id\":\"https:\\\/\\\/www.jasec.go.cr\\\/#website\",\"url\":\"https:\\\/\\\/www.jasec.go.cr\\\/\",\"name\":\"Jasec\",\"description\":\"Junta Administrativa del Servicio El\u00e9ctrico Municipal de Cartago\",\"publisher\":{\"@id\":\"https:\\\/\\\/www.jasec.go.cr\\\/#organization\"},\"potentialAction\":[{\"@type\":\"SearchAction\",\"target\":{\"@type\":\"EntryPoint\",\"urlTemplate\":\"https:\\\/\\\/www.jasec.go.cr\\\/?s={search_term_string}\"},\"query-input\":{\"@type\":\"PropertyValueSpecification\",\"valueRequired\":true,\"valueName\":\"search_term_string\"}}],\"inLanguage\":\"es\"},{\"@type\":\"Organization\",\"@id\":\"https:\\\/\\\/www.jasec.go.cr\\\/#organization\",\"name\":\"Jasec\",\"url\":\"https:\\\/\\\/www.jasec.go.cr\\\/\",\"logo\":{\"@type\":\"ImageObject\",\"inLanguage\":\"es\",\"@id\":\"https:\\\/\\\/www.jasec.go.cr\\\/#\\\/schema\\\/logo\\\/image\\\/\",\"url\":\"https:\\\/\\\/www.jasec.go.cr\\\/wp-content\\\/uploads\\\/2018\\\/07\\\/logo.png\",\"contentUrl\":\"https:\\\/\\\/www.jasec.go.cr\\\/wp-content\\\/uploads\\\/2018\\\/07\\\/logo.png\",\"width\":185,\"height\":67,\"caption\":\"Jasec\"},\"image\":{\"@id\":\"https:\\\/\\\/www.jasec.go.cr\\\/#\\\/schema\\\/logo\\\/image\\\/\"}}]}<\/script>\n<!-- \/ Yoast SEO plugin. -->","yoast_head_json":{"title":"Sala de Prensa - Jasec","description":"Una empresa corporativa de servicios de inter\u00e9s p\u00fablico, l\u00edder, visionaria, con calidad internacional, que supera las expectativas de los clientes.","robots":{"index":"index","follow":"follow","max-snippet":"max-snippet:-1","max-image-preview":"max-image-preview:large","max-video-preview":"max-video-preview:-1"},"canonical":"https:\/\/www.jasec.go.cr\/index.php\/blog\/","og_locale":"es_ES","og_type":"article","og_title":"Sala de Prensa - Jasec","og_description":"Una empresa corporativa de servicios de inter\u00e9s p\u00fablico, l\u00edder, visionaria, con calidad internacional, que supera las expectativas de los clientes.","og_url":"https:\/\/www.jasec.go.cr\/index.php\/blog\/","og_site_name":"Jasec","article_modified_time":"2019-02-26T17:57:42+00:00","twitter_card":"summary_large_image","twitter_misc":{"Tiempo de lectura":"2 minutos"},"schema":{"@context":"https:\/\/schema.org","@graph":[{"@type":"WebPage","@id":"https:\/\/www.jasec.go.cr\/index.php\/blog\/","url":"https:\/\/www.jasec.go.cr\/index.php\/blog\/","name":"Sala de Prensa - Jasec","isPartOf":{"@id":"https:\/\/www.jasec.go.cr\/#website"},"datePublished":"2018-06-14T11:19:19+00:00","dateModified":"2019-02-26T17:57:42+00:00","description":"Una empresa corporativa de servicios de inter\u00e9s p\u00fablico, l\u00edder, visionaria, con calidad internacional, que supera las expectativas de los clientes.","breadcrumb":{"@id":"https:\/\/www.jasec.go.cr\/index.php\/blog\/#breadcrumb"},"inLanguage":"es","potentialAction":[{"@type":"ReadAction","target":["https:\/\/www.jasec.go.cr\/index.php\/blog\/"]}]},{"@type":"BreadcrumbList","@id":"https:\/\/www.jasec.go.cr\/index.php\/blog\/#breadcrumb","itemListElement":[{"@type":"ListItem","position":1,"name":"Portada","item":"https:\/\/www.jasec.go.cr\/"},{"@type":"ListItem","position":2,"name":"Sala de Prensa"}]},{"@type":"WebSite","@id":"https:\/\/www.jasec.go.cr\/#website","url":"https:\/\/www.jasec.go.cr\/","name":"Jasec","description":"Junta Administrativa del Servicio El\u00e9ctrico Municipal de Cartago","publisher":{"@id":"https:\/\/www.jasec.go.cr\/#organization"},"potentialAction":[{"@type":"SearchAction","target":{"@type":"EntryPoint","urlTemplate":"https:\/\/www.jasec.go.cr\/?s={search_term_string}"},"query-input":{"@type":"PropertyValueSpecification","valueRequired":true,"valueName":"search_term_string"}}],"inLanguage":"es"},{"@type":"Organization","@id":"https:\/\/www.jasec.go.cr\/#organization","name":"Jasec","url":"https:\/\/www.jasec.go.cr\/","logo":{"@type":"ImageObject","inLanguage":"es","@id":"https:\/\/www.jasec.go.cr\/#\/schema\/logo\/image\/","url":"https:\/\/www.jasec.go.cr\/wp-content\/uploads\/2018\/07\/logo.png","contentUrl":"https:\/\/www.jasec.go.cr\/wp-content\/uploads\/2018\/07\/logo.png","width":185,"height":67,"caption":"Jasec"},"image":{"@id":"https:\/\/www.jasec.go.cr\/#\/schema\/logo\/image\/"}}]}},"_links":{"self":[{"href":"https:\/\/www.jasec.go.cr\/index.php\/wp-json\/wp\/v2\/pages\/17","targetHints":{"allow":["GET"]}}],"collection":[{"href":"https:\/\/www.jasec.go.cr\/index.php\/wp-json\/wp\/v2\/pages"}],"about":[{"href":"https:\/\/www.jasec.go.cr\/index.php\/wp-json\/wp\/v2\/types\/page"}],"author":[{"embeddable":true,"href":"https:\/\/www.jasec.go.cr\/index.php\/wp-json\/wp\/v2\/users\/1"}],"replies":[{"embeddable":true,"href":"https:\/\/www.jasec.go.cr\/index.php\/wp-json\/wp\/v2\/comments?post=17"}],"version-history":[{"count":2,"href":"https:\/\/www.jasec.go.cr\/index.php\/wp-json\/wp\/v2\/pages\/17\/revisions"}],"predecessor-version":[{"id":5228,"href":"https:\/\/www.jasec.go.cr\/index.php\/wp-json\/wp\/v2\/pages\/17\/revisions\/5228"}],"wp:attachment":[{"href":"https:\/\/www.jasec.go.cr\/index.php\/wp-json\/wp\/v2\/media?parent=17"}],"curies":[{"name":"wp","href":"https:\/\/api.w.org\/{rel}","templated":true}]}}